{"id":5326,"date":"2025-03-28T20:01:55","date_gmt":"2025-03-28T18:01:55","guid":{"rendered":"https:\/\/olfilprom.md\/?post_type=product&#038;p=5326"},"modified":"2025-03-31T16:54:29","modified_gmt":"2025-03-31T13:54:29","slug":"plasa-p-u-umbrire-75-70-g-m2-3mx50m-verde-391063","status":"publish","type":"product","link":"https:\/\/olfilprom.md\/ru\/inventar-pentru-gradina\/materiale-de-acoperire\/plasa-p-u-umbrire-75-70-g-m2-3mx50m-verde-391063\/","title":{"rendered":"Plasa p\/u umbrire 75% 70 g\/m2, 3mx50m verde, 391063"},"content":{"rendered":"<p><strong>Descriere<\/strong><br \/>\nPlasele reflect\u0103 par\u021bial razele soarelui \u0219i razele UV, cre\u00e2nd condi\u021bii optime pentru o cre\u0219tere normal\u0103 a culturilor.<br \/>\nDatorit\u0103 umbrei u\u0219oare, umiditatea se evapor\u0103 lent din sol, ceea ce reduce cantitatea de udare.<br \/>\nO plas\u0103 face posibil\u0103 o distribu\u021bie uniform\u0103 a razelor solare, permi\u021b\u00e2nd plantelor s\u0103 primeasc\u0103 cantitatea necesar\u0103 de lumin\u0103 solar\u0103.<br \/>\n\u00cen cazul \u00een care se utilizeaz\u0103 o plas\u0103 de umbrire, randamentele cresc cu p\u00e2n\u0103 la 10%, datorit\u0103 \u00eembun\u0103t\u0103\u021birii fotosintezei plantelor.<\/p>\n<p><strong>O plas\u0103 care d\u0103 umbr\u0103 la:<\/strong><\/p>\n<ul>\n<li>45 % este bun\u0103 pentru dovlecei, castrave\u021bi.<\/li>\n<li>70% &#8211; folosit\u0103 pentru a acoperi serele din exterior, protej\u00e2nd culturile de supra\u00eenc\u0103lzirea extrem\u0103, l\u0103s\u00e2nd \u00een acela\u0219i timp s\u0103 intre suficient\u0103 lumin\u0103.<\/li>\n<li>90 % &#8211; folosit\u0103 ca material de camuflaj, potrivindu-se la gardurile unui teren de tenis.<\/li>\n<\/ul>\n<p><strong>Domeniu de aplicare<\/strong><br \/>\nO plas\u0103 de umbrire este utilizat\u0103 pentru a acoperi serele \u0219i zonele exterioare pentru a proteja plantele de soare.<br \/>\nMaterialul plasei este o \u021bes\u0103tur\u0103 cu celule care simuleaz\u0103 umbra, permi\u021b\u00e2nd ca lumina s\u0103 fie distribuit\u0103 uniform.<\/p>\n","protected":false},"excerpt":{"rendered":"<p>Plasele reflect\u0103 par\u021bial razele soarelui \u0219i razele UV. O plas\u0103 care d\u0103 umbr\u0103 la 70% &#8211; folosit\u0103 pentru a acoperi serele din exterior, protej\u00e2nd culturile de supra\u00eenc\u0103lzirea extrem\u0103, l\u0103s\u00e2nd \u00een acela\u0219i timp s\u0103 intre suficient\u0103 lumin\u0103..<\/p>\n","protected":false},"featured_media":5305,"template":"","meta":[],"product_brand":[],"product_cat":[432],"product_tag":[],"class_list":{"0":"post-5326","1":"product","2":"type-product","3":"status-publish","4":"has-post-thumbnail","6":"product_cat-materiale-de-acoperire","8":"first","9":"instock","10":"shipping-taxable","11":"purchasable","12":"product-type-simple"},"yoast_head":"<!-- This site is optimized with the Yoast SEO plugin v27.1.1 - https:\/\/yoast.com\/product\/yoast-seo-wordpress\/ -->\n<title>Plasa p\/u umbrire 75% 70 g\/m2, 3mx50m verde, 391063 - olfilprom.md<\/title>\n<meta name=\"description\" content=\"Plasele reflect\u0103 par\u021bial razele soarelui \u0219i razele UV. O plas\u0103 care d\u0103 umbr\u0103 la 70% - folosit\u0103 pentru a acoperi serele din exterior, protej\u00e2nd culturile de supra\u00eenc\u0103lzirea extrem\u0103, l\u0103s\u00e2nd \u00een acela\u0219i timp s\u0103 intre suficient\u0103 lumin\u0103..\" \/>\n<meta name=\"robots\" content=\"index, follow, max-snippet:-1, max-image-preview:large, max-video-preview:-1\" \/>\n<link rel=\"canonical\" href=\"https:\/\/olfilprom.md\/ru\/inventar-pentru-gradina\/materiale-de-acoperire\/plasa-p-u-umbrire-75-70-g-m2-3mx50m-verde-391063\/\" \/>\n<meta property=\"og:locale\" content=\"ru_RU\" \/>\n<meta property=\"og:type\" content=\"article\" \/>\n<meta property=\"og:title\" content=\"Plasa p\/u umbrire 75% 70 g\/m2, 3mx50m verde, 391063 - olfilprom.md\" \/>\n<meta property=\"og:description\" content=\"Plasele reflect\u0103 par\u021bial razele soarelui \u0219i razele UV. O plas\u0103 care d\u0103 umbr\u0103 la 70% - folosit\u0103 pentru a acoperi serele din exterior, protej\u00e2nd culturile de supra\u00eenc\u0103lzirea extrem\u0103, l\u0103s\u00e2nd \u00een acela\u0219i timp s\u0103 intre suficient\u0103 lumin\u0103..\" \/>\n<meta property=\"og:url\" content=\"https:\/\/olfilprom.md\/ru\/inventar-pentru-gradina\/materiale-de-acoperire\/plasa-p-u-umbrire-75-70-g-m2-3mx50m-verde-391063\/\" \/>\n<meta property=\"og:site_name\" content=\"olfilprom.md\" \/>\n<meta property=\"article:publisher\" content=\"https:\/\/www.facebook.com\/olfilprom.md\/\" \/>\n<meta property=\"article:modified_time\" content=\"2025-03-31T13:54:29+00:00\" \/>\n<meta property=\"og:image\" content=\"https:\/\/olfilprom.md\/wp-content\/uploads\/2025\/03\/391020.webp\" \/>\n\t<meta property=\"og:image:width\" content=\"600\" \/>\n\t<meta property=\"og:image:height\" content=\"600\" \/>\n\t<meta property=\"og:image:type\" content=\"image\/webp\" \/>\n<meta name=\"twitter:card\" content=\"summary_large_image\" \/>\n<meta name=\"twitter:image\" content=\"https:\/\/olfilprom.md\/wp-content\/uploads\/2025\/03\/391020.webp\" \/>\n<meta name=\"twitter:label1\" content=\"\u041f\u0440\u0438\u043c\u0435\u0440\u043d\u043e\u0435 \u0432\u0440\u0435\u043c\u044f \u0434\u043b\u044f \u0447\u0442\u0435\u043d\u0438\u044f\" \/>\n\t<meta name=\"twitter:data1\" content=\"2 \u043c\u0438\u043d\u0443\u0442\u044b\" \/>\n<script type=\"application\/ld+json\" class=\"yoast-schema-graph\">{\"@context\":\"https:\/\/schema.org\",\"@graph\":[{\"@type\":\"WebPage\",\"@id\":\"https:\/\/olfilprom.md\/ru\/inventar-pentru-gradina\/materiale-de-acoperire\/plasa-p-u-umbrire-75-70-g-m2-3mx50m-verde-391063\/\",\"url\":\"https:\/\/olfilprom.md\/ru\/inventar-pentru-gradina\/materiale-de-acoperire\/plasa-p-u-umbrire-75-70-g-m2-3mx50m-verde-391063\/\",\"name\":\"Plasa p\/u umbrire 75% 70 g\/m2, 3mx50m verde, 391063 - olfilprom.md\",\"isPartOf\":{\"@id\":\"https:\/\/olfilprom.md\/ru\/#website\"},\"primaryImageOfPage\":{\"@id\":\"https:\/\/olfilprom.md\/ru\/inventar-pentru-gradina\/materiale-de-acoperire\/plasa-p-u-umbrire-75-70-g-m2-3mx50m-verde-391063\/#primaryimage\"},\"image\":{\"@id\":\"https:\/\/olfilprom.md\/ru\/inventar-pentru-gradina\/materiale-de-acoperire\/plasa-p-u-umbrire-75-70-g-m2-3mx50m-verde-391063\/#primaryimage\"},\"thumbnailUrl\":\"https:\/\/olfilprom.md\/wp-content\/uploads\/2025\/03\/391020.webp\",\"datePublished\":\"2025-03-28T18:01:55+00:00\",\"dateModified\":\"2025-03-31T13:54:29+00:00\",\"description\":\"Plasele reflect\u0103 par\u021bial razele soarelui \u0219i razele UV. O plas\u0103 care d\u0103 umbr\u0103 la 70% - folosit\u0103 pentru a acoperi serele din exterior, protej\u00e2nd culturile de supra\u00eenc\u0103lzirea extrem\u0103, l\u0103s\u00e2nd \u00een acela\u0219i timp s\u0103 intre suficient\u0103 lumin\u0103..\",\"breadcrumb\":{\"@id\":\"https:\/\/olfilprom.md\/ru\/inventar-pentru-gradina\/materiale-de-acoperire\/plasa-p-u-umbrire-75-70-g-m2-3mx50m-verde-391063\/#breadcrumb\"},\"inLanguage\":\"ru-RU\",\"potentialAction\":[{\"@type\":\"ReadAction\",\"target\":[\"https:\/\/olfilprom.md\/ru\/inventar-pentru-gradina\/materiale-de-acoperire\/plasa-p-u-umbrire-75-70-g-m2-3mx50m-verde-391063\/\"]}]},{\"@type\":\"ImageObject\",\"inLanguage\":\"ru-RU\",\"@id\":\"https:\/\/olfilprom.md\/ru\/inventar-pentru-gradina\/materiale-de-acoperire\/plasa-p-u-umbrire-75-70-g-m2-3mx50m-verde-391063\/#primaryimage\",\"url\":\"https:\/\/olfilprom.md\/wp-content\/uploads\/2025\/03\/391020.webp\",\"contentUrl\":\"https:\/\/olfilprom.md\/wp-content\/uploads\/2025\/03\/391020.webp\",\"width\":600,\"height\":600,\"caption\":\"Plasa p\/u umbrire 75% 70 g\/m2, 3mx50m verde, 391063\"},{\"@type\":\"BreadcrumbList\",\"@id\":\"https:\/\/olfilprom.md\/ru\/inventar-pentru-gradina\/materiale-de-acoperire\/plasa-p-u-umbrire-75-70-g-m2-3mx50m-verde-391063\/#breadcrumb\",\"itemListElement\":[{\"@type\":\"ListItem\",\"position\":1,\"name\":\"\u0413\u043b\u0430\u0432\u043d\u0430\u044f \u0441\u0442\u0440\u0430\u043d\u0438\u0446\u0430\",\"item\":\"https:\/\/olfilprom.md\/ru\/\"},{\"@type\":\"ListItem\",\"position\":2,\"name\":\"\u041c\u0430\u0433\u0430\u0437\u0438\u043d\",\"item\":\"https:\/\/olfilprom.md\/ru\/magazin\/\"},{\"@type\":\"ListItem\",\"position\":3,\"name\":\"Plasa p\/u umbrire 75% 70 g\/m2, 3mx50m verde, 391063\"}]},{\"@type\":\"WebSite\",\"@id\":\"https:\/\/olfilprom.md\/ru\/#website\",\"url\":\"https:\/\/olfilprom.md\/ru\/\",\"name\":\"olfilprom.md\",\"description\":\"Vanzarea angro si cu amanuntul a instrumentelor si a materialelor | olfilprom.md\",\"publisher\":{\"@id\":\"https:\/\/olfilprom.md\/ru\/#organization\"},\"potentialAction\":[{\"@type\":\"SearchAction\",\"target\":{\"@type\":\"EntryPoint\",\"urlTemplate\":\"https:\/\/olfilprom.md\/ru\/?s={search_term_string}\"},\"query-input\":{\"@type\":\"PropertyValueSpecification\",\"valueRequired\":true,\"valueName\":\"search_term_string\"}}],\"inLanguage\":\"ru-RU\"},{\"@type\":\"Organization\",\"@id\":\"https:\/\/olfilprom.md\/ru\/#organization\",\"name\":\"Olfilprom\",\"url\":\"https:\/\/olfilprom.md\/ru\/\",\"logo\":{\"@type\":\"ImageObject\",\"inLanguage\":\"ru-RU\",\"@id\":\"https:\/\/olfilprom.md\/ru\/#\/schema\/logo\/image\/\",\"url\":\"https:\/\/olfilprom.md\/wp-content\/uploads\/2020\/12\/olfilprom-logo-250-250.jpg\",\"contentUrl\":\"https:\/\/olfilprom.md\/wp-content\/uploads\/2020\/12\/olfilprom-logo-250-250.jpg\",\"width\":250,\"height\":250,\"caption\":\"Olfilprom\"},\"image\":{\"@id\":\"https:\/\/olfilprom.md\/ru\/#\/schema\/logo\/image\/\"},\"sameAs\":[\"https:\/\/www.facebook.com\/olfilprom.md\/\"]}]}<\/script>\n<!-- \/ Yoast SEO plugin. -->","yoast_head_json":{"title":"Plasa p\/u umbrire 75% 70 g\/m2, 3mx50m verde, 391063 - olfilprom.md","description":"Plasele reflect\u0103 par\u021bial razele soarelui \u0219i razele UV. O plas\u0103 care d\u0103 umbr\u0103 la 70% - folosit\u0103 pentru a acoperi serele din exterior, protej\u00e2nd culturile de supra\u00eenc\u0103lzirea extrem\u0103, l\u0103s\u00e2nd \u00een acela\u0219i timp s\u0103 intre suficient\u0103 lumin\u0103..","robots":{"index":"index","follow":"follow","max-snippet":"max-snippet:-1","max-image-preview":"max-image-preview:large","max-video-preview":"max-video-preview:-1"},"canonical":"https:\/\/olfilprom.md\/ru\/inventar-pentru-gradina\/materiale-de-acoperire\/plasa-p-u-umbrire-75-70-g-m2-3mx50m-verde-391063\/","og_locale":"ru_RU","og_type":"article","og_title":"Plasa p\/u umbrire 75% 70 g\/m2, 3mx50m verde, 391063 - olfilprom.md","og_description":"Plasele reflect\u0103 par\u021bial razele soarelui \u0219i razele UV. O plas\u0103 care d\u0103 umbr\u0103 la 70% - folosit\u0103 pentru a acoperi serele din exterior, protej\u00e2nd culturile de supra\u00eenc\u0103lzirea extrem\u0103, l\u0103s\u00e2nd \u00een acela\u0219i timp s\u0103 intre suficient\u0103 lumin\u0103..","og_url":"https:\/\/olfilprom.md\/ru\/inventar-pentru-gradina\/materiale-de-acoperire\/plasa-p-u-umbrire-75-70-g-m2-3mx50m-verde-391063\/","og_site_name":"olfilprom.md","article_publisher":"https:\/\/www.facebook.com\/olfilprom.md\/","article_modified_time":"2025-03-31T13:54:29+00:00","og_image":[{"width":600,"height":600,"url":"https:\/\/olfilprom.md\/wp-content\/uploads\/2025\/03\/391020.webp","type":"image\/webp"}],"twitter_card":"summary_large_image","twitter_image":"https:\/\/olfilprom.md\/wp-content\/uploads\/2025\/03\/391020.webp","twitter_misc":{"\u041f\u0440\u0438\u043c\u0435\u0440\u043d\u043e\u0435 \u0432\u0440\u0435\u043c\u044f \u0434\u043b\u044f \u0447\u0442\u0435\u043d\u0438\u044f":"2 \u043c\u0438\u043d\u0443\u0442\u044b"},"schema":{"@context":"https:\/\/schema.org","@graph":[{"@type":"WebPage","@id":"https:\/\/olfilprom.md\/ru\/inventar-pentru-gradina\/materiale-de-acoperire\/plasa-p-u-umbrire-75-70-g-m2-3mx50m-verde-391063\/","url":"https:\/\/olfilprom.md\/ru\/inventar-pentru-gradina\/materiale-de-acoperire\/plasa-p-u-umbrire-75-70-g-m2-3mx50m-verde-391063\/","name":"Plasa p\/u umbrire 75% 70 g\/m2, 3mx50m verde, 391063 - olfilprom.md","isPartOf":{"@id":"https:\/\/olfilprom.md\/ru\/#website"},"primaryImageOfPage":{"@id":"https:\/\/olfilprom.md\/ru\/inventar-pentru-gradina\/materiale-de-acoperire\/plasa-p-u-umbrire-75-70-g-m2-3mx50m-verde-391063\/#primaryimage"},"image":{"@id":"https:\/\/olfilprom.md\/ru\/inventar-pentru-gradina\/materiale-de-acoperire\/plasa-p-u-umbrire-75-70-g-m2-3mx50m-verde-391063\/#primaryimage"},"thumbnailUrl":"https:\/\/olfilprom.md\/wp-content\/uploads\/2025\/03\/391020.webp","datePublished":"2025-03-28T18:01:55+00:00","dateModified":"2025-03-31T13:54:29+00:00","description":"Plasele reflect\u0103 par\u021bial razele soarelui \u0219i razele UV. O plas\u0103 care d\u0103 umbr\u0103 la 70% - folosit\u0103 pentru a acoperi serele din exterior, protej\u00e2nd culturile de supra\u00eenc\u0103lzirea extrem\u0103, l\u0103s\u00e2nd \u00een acela\u0219i timp s\u0103 intre suficient\u0103 lumin\u0103..","breadcrumb":{"@id":"https:\/\/olfilprom.md\/ru\/inventar-pentru-gradina\/materiale-de-acoperire\/plasa-p-u-umbrire-75-70-g-m2-3mx50m-verde-391063\/#breadcrumb"},"inLanguage":"ru-RU","potentialAction":[{"@type":"ReadAction","target":["https:\/\/olfilprom.md\/ru\/inventar-pentru-gradina\/materiale-de-acoperire\/plasa-p-u-umbrire-75-70-g-m2-3mx50m-verde-391063\/"]}]},{"@type":"ImageObject","inLanguage":"ru-RU","@id":"https:\/\/olfilprom.md\/ru\/inventar-pentru-gradina\/materiale-de-acoperire\/plasa-p-u-umbrire-75-70-g-m2-3mx50m-verde-391063\/#primaryimage","url":"https:\/\/olfilprom.md\/wp-content\/uploads\/2025\/03\/391020.webp","contentUrl":"https:\/\/olfilprom.md\/wp-content\/uploads\/2025\/03\/391020.webp","width":600,"height":600,"caption":"Plasa p\/u umbrire 75% 70 g\/m2, 3mx50m verde, 391063"},{"@type":"BreadcrumbList","@id":"https:\/\/olfilprom.md\/ru\/inventar-pentru-gradina\/materiale-de-acoperire\/plasa-p-u-umbrire-75-70-g-m2-3mx50m-verde-391063\/#breadcrumb","itemListElement":[{"@type":"ListItem","position":1,"name":"\u0413\u043b\u0430\u0432\u043d\u0430\u044f \u0441\u0442\u0440\u0430\u043d\u0438\u0446\u0430","item":"https:\/\/olfilprom.md\/ru\/"},{"@type":"ListItem","position":2,"name":"\u041c\u0430\u0433\u0430\u0437\u0438\u043d","item":"https:\/\/olfilprom.md\/ru\/magazin\/"},{"@type":"ListItem","position":3,"name":"Plasa p\/u umbrire 75% 70 g\/m2, 3mx50m verde, 391063"}]},{"@type":"WebSite","@id":"https:\/\/olfilprom.md\/ru\/#website","url":"https:\/\/olfilprom.md\/ru\/","name":"olfilprom.md","description":"Vanzarea angro si cu amanuntul a instrumentelor si a materialelor | olfilprom.md","publisher":{"@id":"https:\/\/olfilprom.md\/ru\/#organization"},"potentialAction":[{"@type":"SearchAction","target":{"@type":"EntryPoint","urlTemplate":"https:\/\/olfilprom.md\/ru\/?s={search_term_string}"},"query-input":{"@type":"PropertyValueSpecification","valueRequired":true,"valueName":"search_term_string"}}],"inLanguage":"ru-RU"},{"@type":"Organization","@id":"https:\/\/olfilprom.md\/ru\/#organization","name":"Olfilprom","url":"https:\/\/olfilprom.md\/ru\/","logo":{"@type":"ImageObject","inLanguage":"ru-RU","@id":"https:\/\/olfilprom.md\/ru\/#\/schema\/logo\/image\/","url":"https:\/\/olfilprom.md\/wp-content\/uploads\/2020\/12\/olfilprom-logo-250-250.jpg","contentUrl":"https:\/\/olfilprom.md\/wp-content\/uploads\/2020\/12\/olfilprom-logo-250-250.jpg","width":250,"height":250,"caption":"Olfilprom"},"image":{"@id":"https:\/\/olfilprom.md\/ru\/#\/schema\/logo\/image\/"},"sameAs":["https:\/\/www.facebook.com\/olfilprom.md\/"]}]}},"_links":{"self":[{"href":"https:\/\/olfilprom.md\/ru\/wp-json\/wp\/v2\/product\/5326","targetHints":{"allow":["GET"]}}],"collection":[{"href":"https:\/\/olfilprom.md\/ru\/wp-json\/wp\/v2\/product"}],"about":[{"href":"https:\/\/olfilprom.md\/ru\/wp-json\/wp\/v2\/types\/product"}],"wp:featuredmedia":[{"embeddable":true,"href":"https:\/\/olfilprom.md\/ru\/wp-json\/wp\/v2\/media\/5305"}],"wp:attachment":[{"href":"https:\/\/olfilprom.md\/ru\/wp-json\/wp\/v2\/media?parent=5326"}],"wp:term":[{"taxonomy":"product_brand","embeddable":true,"href":"https:\/\/olfilprom.md\/ru\/wp-json\/wp\/v2\/product_brand?post=5326"},{"taxonomy":"product_cat","embeddable":true,"href":"https:\/\/olfilprom.md\/ru\/wp-json\/wp\/v2\/product_cat?post=5326"},{"taxonomy":"product_tag","embeddable":true,"href":"https:\/\/olfilprom.md\/ru\/wp-json\/wp\/v2\/product_tag?post=5326"}],"curies":[{"name":"wp","href":"https:\/\/api.w.org\/{rel}","templated":true}]}}