{"id":5267,"date":"2026-04-23T12:18:03","date_gmt":"2026-04-23T09:18:03","guid":{"rendered":"https:\/\/olfilprom.md\/?post_type=product&#038;p=5267"},"modified":"2026-04-23T15:06:42","modified_gmt":"2026-04-23T12:06:42","slug":"foarfeca-de-gradina-cu-acumulator-kzubr-k10030","status":"publish","type":"product","link":"https:\/\/olfilprom.md\/ru\/sadovo-ogorodnyi-inventari\/sekatory-i-serpy\/foarfeca-de-gradina-cu-acumulator-kzubr-k10030\/","title":{"rendered":"Foarfec\u0103 de gr\u0103din\u0103 cu acumulator Kzubr, K10030"},"content":{"rendered":"<p>Foarfec\u0103 de gr\u0103din\u0103 cu acumulator Kzubr<br \/>\nCod: K10030<br \/>\nDiametru maxim de taiere: 40 mm<br \/>\nSetul vine cu 2 baterii (2.0Ah \u0219i 4.0Ah), un \u00eenc\u0103rc\u0103tor \u0219i o unealt\u0103.<br \/>\nPutere: 230W<br \/>\nTensiune baterie 20 V<br \/>\nGreutate 1,1 kg<br \/>\nCapacitate baterie 4 Ah<br \/>\nClasa de protec\u021bie II<br \/>\nCategoria de protec\u021bie IPX0<br \/>\n\u00cenc\u0103rc\u0103tor 1<br \/>\nBaterie 4 Ah<\/p>\n","protected":false},"excerpt":{"rendered":"<p>Foarfec\u0103 de gr\u0103din\u0103 cu acumulator Kzubr Cod: K10030 Diametru maxim de taiere: 40 mm Setul vine cu 2 baterii (2.0Ah \u0219i 4.0Ah), un \u00eenc\u0103rc\u0103tor \u0219i o unealt\u0103. Putere: 230W Tensiune<\/p>\n","protected":false},"featured_media":5270,"template":"","meta":[],"product_brand":[],"product_cat":[49],"product_tag":[],"class_list":{"0":"post-5267","1":"product","2":"type-product","3":"status-publish","4":"has-post-thumbnail","6":"product_cat-foarfece-de-gradina-si-seceri","8":"first","9":"instock","10":"shipping-taxable","11":"purchasable","12":"product-type-simple"},"yoast_head":"<!-- This site is optimized with the Yoast SEO plugin v27.6 - https:\/\/yoast.com\/product\/yoast-seo-wordpress\/ -->\n<title>Foarfec\u0103 de gr\u0103din\u0103 cu acumulator Kzubr, K10030 - olfilprom.md<\/title>\n<meta name=\"description\" content=\"Foarfec\u0103 de gr\u0103din\u0103 cu acumulator Kzubr Cod: K10030 Diametru maxim de taiere: 40 mm Setul vine cu 2 baterii (2.0Ah \u0219i 4.0Ah), un \u00eenc\u0103rc\u0103tor \u0219i o unealt\u0103.\" \/>\n<meta name=\"robots\" content=\"index, follow, max-snippet:-1, max-image-preview:large, max-video-preview:-1\" \/>\n<link rel=\"canonical\" href=\"https:\/\/olfilprom.md\/ru\/sadovo-ogorodnyi-inventari\/sekatory-i-serpy\/foarfeca-de-gradina-cu-acumulator-kzubr-k10030\/\" \/>\n<meta property=\"og:locale\" content=\"ru_RU\" \/>\n<meta property=\"og:type\" content=\"article\" \/>\n<meta property=\"og:title\" content=\"Foarfec\u0103 de gr\u0103din\u0103 cu acumulator Kzubr, K10030 - olfilprom.md\" \/>\n<meta property=\"og:description\" content=\"Foarfec\u0103 de gr\u0103din\u0103 cu acumulator Kzubr Cod: K10030 Diametru maxim de taiere: 40 mm Setul vine cu 2 baterii (2.0Ah \u0219i 4.0Ah), un \u00eenc\u0103rc\u0103tor \u0219i o unealt\u0103.\" \/>\n<meta property=\"og:url\" content=\"https:\/\/olfilprom.md\/ru\/sadovo-ogorodnyi-inventari\/sekatory-i-serpy\/foarfeca-de-gradina-cu-acumulator-kzubr-k10030\/\" \/>\n<meta property=\"og:site_name\" content=\"olfilprom.md\" \/>\n<meta property=\"article:publisher\" content=\"https:\/\/www.facebook.com\/olfilprom.md\/\" \/>\n<meta property=\"article:modified_time\" content=\"2026-04-23T12:06:42+00:00\" \/>\n<meta property=\"og:image\" content=\"https:\/\/olfilprom.md\/wp-content\/uploads\/2025\/03\/K10030-2.webp\" \/>\n\t<meta property=\"og:image:width\" content=\"774\" \/>\n\t<meta property=\"og:image:height\" content=\"774\" \/>\n\t<meta property=\"og:image:type\" content=\"image\/webp\" \/>\n<meta name=\"twitter:card\" content=\"summary_large_image\" \/>\n<meta name=\"twitter:image\" content=\"https:\/\/olfilprom.md\/wp-content\/uploads\/2025\/03\/K10030-2.webp\" \/>\n<meta name=\"twitter:label1\" content=\"\u041f\u0440\u0438\u043c\u0435\u0440\u043d\u043e\u0435 \u0432\u0440\u0435\u043c\u044f \u0434\u043b\u044f \u0447\u0442\u0435\u043d\u0438\u044f\" \/>\n\t<meta name=\"twitter:data1\" content=\"1 \u043c\u0438\u043d\u0443\u0442\u0430\" \/>\n<script type=\"application\/ld+json\" class=\"yoast-schema-graph\">{\"@context\":\"https:\\\/\\\/schema.org\",\"@graph\":[{\"@type\":\"WebPage\",\"@id\":\"https:\\\/\\\/olfilprom.md\\\/ru\\\/sadovo-ogorodnyi-inventari\\\/sekatory-i-serpy\\\/foarfeca-de-gradina-cu-acumulator-kzubr-k10030\\\/\",\"url\":\"https:\\\/\\\/olfilprom.md\\\/ru\\\/sadovo-ogorodnyi-inventari\\\/sekatory-i-serpy\\\/foarfeca-de-gradina-cu-acumulator-kzubr-k10030\\\/\",\"name\":\"Foarfec\u0103 de gr\u0103din\u0103 cu acumulator Kzubr, K10030 - olfilprom.md\",\"isPartOf\":{\"@id\":\"https:\\\/\\\/olfilprom.md\\\/ru\\\/#website\"},\"primaryImageOfPage\":{\"@id\":\"https:\\\/\\\/olfilprom.md\\\/ru\\\/sadovo-ogorodnyi-inventari\\\/sekatory-i-serpy\\\/foarfeca-de-gradina-cu-acumulator-kzubr-k10030\\\/#primaryimage\"},\"image\":{\"@id\":\"https:\\\/\\\/olfilprom.md\\\/ru\\\/sadovo-ogorodnyi-inventari\\\/sekatory-i-serpy\\\/foarfeca-de-gradina-cu-acumulator-kzubr-k10030\\\/#primaryimage\"},\"thumbnailUrl\":\"https:\\\/\\\/olfilprom.md\\\/wp-content\\\/uploads\\\/2025\\\/03\\\/K10030-2.webp\",\"datePublished\":\"2026-04-23T09:18:03+00:00\",\"dateModified\":\"2026-04-23T12:06:42+00:00\",\"description\":\"Foarfec\u0103 de gr\u0103din\u0103 cu acumulator Kzubr Cod: K10030 Diametru maxim de taiere: 40 mm Setul vine cu 2 baterii (2.0Ah \u0219i 4.0Ah), un \u00eenc\u0103rc\u0103tor \u0219i o unealt\u0103.\",\"breadcrumb\":{\"@id\":\"https:\\\/\\\/olfilprom.md\\\/ru\\\/sadovo-ogorodnyi-inventari\\\/sekatory-i-serpy\\\/foarfeca-de-gradina-cu-acumulator-kzubr-k10030\\\/#breadcrumb\"},\"inLanguage\":\"ru-RU\",\"potentialAction\":[{\"@type\":\"ReadAction\",\"target\":[\"https:\\\/\\\/olfilprom.md\\\/ru\\\/sadovo-ogorodnyi-inventari\\\/sekatory-i-serpy\\\/foarfeca-de-gradina-cu-acumulator-kzubr-k10030\\\/\"]}]},{\"@type\":\"ImageObject\",\"inLanguage\":\"ru-RU\",\"@id\":\"https:\\\/\\\/olfilprom.md\\\/ru\\\/sadovo-ogorodnyi-inventari\\\/sekatory-i-serpy\\\/foarfeca-de-gradina-cu-acumulator-kzubr-k10030\\\/#primaryimage\",\"url\":\"https:\\\/\\\/olfilprom.md\\\/wp-content\\\/uploads\\\/2025\\\/03\\\/K10030-2.webp\",\"contentUrl\":\"https:\\\/\\\/olfilprom.md\\\/wp-content\\\/uploads\\\/2025\\\/03\\\/K10030-2.webp\",\"width\":774,\"height\":774,\"caption\":\"Foarfec\u0103 de gr\u0103din\u0103 cu acumulator Kzubr, K10030\"},{\"@type\":\"BreadcrumbList\",\"@id\":\"https:\\\/\\\/olfilprom.md\\\/ru\\\/sadovo-ogorodnyi-inventari\\\/sekatory-i-serpy\\\/foarfeca-de-gradina-cu-acumulator-kzubr-k10030\\\/#breadcrumb\",\"itemListElement\":[{\"@type\":\"ListItem\",\"position\":1,\"name\":\"\u0413\u043b\u0430\u0432\u043d\u0430\u044f \u0441\u0442\u0440\u0430\u043d\u0438\u0446\u0430\",\"item\":\"https:\\\/\\\/olfilprom.md\\\/ru\\\/\"},{\"@type\":\"ListItem\",\"position\":2,\"name\":\"\u041c\u0430\u0433\u0430\u0437\u0438\u043d\",\"item\":\"https:\\\/\\\/olfilprom.md\\\/ru\\\/magazin\\\/\"},{\"@type\":\"ListItem\",\"position\":3,\"name\":\"Foarfec\u0103 de gr\u0103din\u0103 cu acumulator Kzubr, K10030\"}]},{\"@type\":\"WebSite\",\"@id\":\"https:\\\/\\\/olfilprom.md\\\/ru\\\/#website\",\"url\":\"https:\\\/\\\/olfilprom.md\\\/ru\\\/\",\"name\":\"olfilprom.md\",\"description\":\"Vanzarea angro si cu amanuntul a instrumentelor si a materialelor | olfilprom.md\",\"publisher\":{\"@id\":\"https:\\\/\\\/olfilprom.md\\\/ru\\\/#organization\"},\"potentialAction\":[{\"@type\":\"SearchAction\",\"target\":{\"@type\":\"EntryPoint\",\"urlTemplate\":\"https:\\\/\\\/olfilprom.md\\\/ru\\\/?s={search_term_string}\"},\"query-input\":{\"@type\":\"PropertyValueSpecification\",\"valueRequired\":true,\"valueName\":\"search_term_string\"}}],\"inLanguage\":\"ru-RU\"},{\"@type\":\"Organization\",\"@id\":\"https:\\\/\\\/olfilprom.md\\\/ru\\\/#organization\",\"name\":\"Olfilprom\",\"url\":\"https:\\\/\\\/olfilprom.md\\\/ru\\\/\",\"logo\":{\"@type\":\"ImageObject\",\"inLanguage\":\"ru-RU\",\"@id\":\"https:\\\/\\\/olfilprom.md\\\/ru\\\/#\\\/schema\\\/logo\\\/image\\\/\",\"url\":\"https:\\\/\\\/olfilprom.md\\\/wp-content\\\/uploads\\\/2020\\\/12\\\/olfilprom-logo-250-250.jpg\",\"contentUrl\":\"https:\\\/\\\/olfilprom.md\\\/wp-content\\\/uploads\\\/2020\\\/12\\\/olfilprom-logo-250-250.jpg\",\"width\":250,\"height\":250,\"caption\":\"Olfilprom\"},\"image\":{\"@id\":\"https:\\\/\\\/olfilprom.md\\\/ru\\\/#\\\/schema\\\/logo\\\/image\\\/\"},\"sameAs\":[\"https:\\\/\\\/www.facebook.com\\\/olfilprom.md\\\/\"]}]}<\/script>\n<!-- \/ Yoast SEO plugin. -->","yoast_head_json":{"title":"Foarfec\u0103 de gr\u0103din\u0103 cu acumulator Kzubr, K10030 - olfilprom.md","description":"Foarfec\u0103 de gr\u0103din\u0103 cu acumulator Kzubr Cod: K10030 Diametru maxim de taiere: 40 mm Setul vine cu 2 baterii (2.0Ah \u0219i 4.0Ah), un \u00eenc\u0103rc\u0103tor \u0219i o unealt\u0103.","robots":{"index":"index","follow":"follow","max-snippet":"max-snippet:-1","max-image-preview":"max-image-preview:large","max-video-preview":"max-video-preview:-1"},"canonical":"https:\/\/olfilprom.md\/ru\/sadovo-ogorodnyi-inventari\/sekatory-i-serpy\/foarfeca-de-gradina-cu-acumulator-kzubr-k10030\/","og_locale":"ru_RU","og_type":"article","og_title":"Foarfec\u0103 de gr\u0103din\u0103 cu acumulator Kzubr, K10030 - olfilprom.md","og_description":"Foarfec\u0103 de gr\u0103din\u0103 cu acumulator Kzubr Cod: K10030 Diametru maxim de taiere: 40 mm Setul vine cu 2 baterii (2.0Ah \u0219i 4.0Ah), un \u00eenc\u0103rc\u0103tor \u0219i o unealt\u0103.","og_url":"https:\/\/olfilprom.md\/ru\/sadovo-ogorodnyi-inventari\/sekatory-i-serpy\/foarfeca-de-gradina-cu-acumulator-kzubr-k10030\/","og_site_name":"olfilprom.md","article_publisher":"https:\/\/www.facebook.com\/olfilprom.md\/","article_modified_time":"2026-04-23T12:06:42+00:00","og_image":[{"width":774,"height":774,"url":"https:\/\/olfilprom.md\/wp-content\/uploads\/2025\/03\/K10030-2.webp","type":"image\/webp"}],"twitter_card":"summary_large_image","twitter_image":"https:\/\/olfilprom.md\/wp-content\/uploads\/2025\/03\/K10030-2.webp","twitter_misc":{"\u041f\u0440\u0438\u043c\u0435\u0440\u043d\u043e\u0435 \u0432\u0440\u0435\u043c\u044f \u0434\u043b\u044f \u0447\u0442\u0435\u043d\u0438\u044f":"1 \u043c\u0438\u043d\u0443\u0442\u0430"},"schema":{"@context":"https:\/\/schema.org","@graph":[{"@type":"WebPage","@id":"https:\/\/olfilprom.md\/ru\/sadovo-ogorodnyi-inventari\/sekatory-i-serpy\/foarfeca-de-gradina-cu-acumulator-kzubr-k10030\/","url":"https:\/\/olfilprom.md\/ru\/sadovo-ogorodnyi-inventari\/sekatory-i-serpy\/foarfeca-de-gradina-cu-acumulator-kzubr-k10030\/","name":"Foarfec\u0103 de gr\u0103din\u0103 cu acumulator Kzubr, K10030 - olfilprom.md","isPartOf":{"@id":"https:\/\/olfilprom.md\/ru\/#website"},"primaryImageOfPage":{"@id":"https:\/\/olfilprom.md\/ru\/sadovo-ogorodnyi-inventari\/sekatory-i-serpy\/foarfeca-de-gradina-cu-acumulator-kzubr-k10030\/#primaryimage"},"image":{"@id":"https:\/\/olfilprom.md\/ru\/sadovo-ogorodnyi-inventari\/sekatory-i-serpy\/foarfeca-de-gradina-cu-acumulator-kzubr-k10030\/#primaryimage"},"thumbnailUrl":"https:\/\/olfilprom.md\/wp-content\/uploads\/2025\/03\/K10030-2.webp","datePublished":"2026-04-23T09:18:03+00:00","dateModified":"2026-04-23T12:06:42+00:00","description":"Foarfec\u0103 de gr\u0103din\u0103 cu acumulator Kzubr Cod: K10030 Diametru maxim de taiere: 40 mm Setul vine cu 2 baterii (2.0Ah \u0219i 4.0Ah), un \u00eenc\u0103rc\u0103tor \u0219i o unealt\u0103.","breadcrumb":{"@id":"https:\/\/olfilprom.md\/ru\/sadovo-ogorodnyi-inventari\/sekatory-i-serpy\/foarfeca-de-gradina-cu-acumulator-kzubr-k10030\/#breadcrumb"},"inLanguage":"ru-RU","potentialAction":[{"@type":"ReadAction","target":["https:\/\/olfilprom.md\/ru\/sadovo-ogorodnyi-inventari\/sekatory-i-serpy\/foarfeca-de-gradina-cu-acumulator-kzubr-k10030\/"]}]},{"@type":"ImageObject","inLanguage":"ru-RU","@id":"https:\/\/olfilprom.md\/ru\/sadovo-ogorodnyi-inventari\/sekatory-i-serpy\/foarfeca-de-gradina-cu-acumulator-kzubr-k10030\/#primaryimage","url":"https:\/\/olfilprom.md\/wp-content\/uploads\/2025\/03\/K10030-2.webp","contentUrl":"https:\/\/olfilprom.md\/wp-content\/uploads\/2025\/03\/K10030-2.webp","width":774,"height":774,"caption":"Foarfec\u0103 de gr\u0103din\u0103 cu acumulator Kzubr, K10030"},{"@type":"BreadcrumbList","@id":"https:\/\/olfilprom.md\/ru\/sadovo-ogorodnyi-inventari\/sekatory-i-serpy\/foarfeca-de-gradina-cu-acumulator-kzubr-k10030\/#breadcrumb","itemListElement":[{"@type":"ListItem","position":1,"name":"\u0413\u043b\u0430\u0432\u043d\u0430\u044f \u0441\u0442\u0440\u0430\u043d\u0438\u0446\u0430","item":"https:\/\/olfilprom.md\/ru\/"},{"@type":"ListItem","position":2,"name":"\u041c\u0430\u0433\u0430\u0437\u0438\u043d","item":"https:\/\/olfilprom.md\/ru\/magazin\/"},{"@type":"ListItem","position":3,"name":"Foarfec\u0103 de gr\u0103din\u0103 cu acumulator Kzubr, K10030"}]},{"@type":"WebSite","@id":"https:\/\/olfilprom.md\/ru\/#website","url":"https:\/\/olfilprom.md\/ru\/","name":"olfilprom.md","description":"Vanzarea angro si cu amanuntul a instrumentelor si a materialelor | olfilprom.md","publisher":{"@id":"https:\/\/olfilprom.md\/ru\/#organization"},"potentialAction":[{"@type":"SearchAction","target":{"@type":"EntryPoint","urlTemplate":"https:\/\/olfilprom.md\/ru\/?s={search_term_string}"},"query-input":{"@type":"PropertyValueSpecification","valueRequired":true,"valueName":"search_term_string"}}],"inLanguage":"ru-RU"},{"@type":"Organization","@id":"https:\/\/olfilprom.md\/ru\/#organization","name":"Olfilprom","url":"https:\/\/olfilprom.md\/ru\/","logo":{"@type":"ImageObject","inLanguage":"ru-RU","@id":"https:\/\/olfilprom.md\/ru\/#\/schema\/logo\/image\/","url":"https:\/\/olfilprom.md\/wp-content\/uploads\/2020\/12\/olfilprom-logo-250-250.jpg","contentUrl":"https:\/\/olfilprom.md\/wp-content\/uploads\/2020\/12\/olfilprom-logo-250-250.jpg","width":250,"height":250,"caption":"Olfilprom"},"image":{"@id":"https:\/\/olfilprom.md\/ru\/#\/schema\/logo\/image\/"},"sameAs":["https:\/\/www.facebook.com\/olfilprom.md\/"]}]}},"_links":{"self":[{"href":"https:\/\/olfilprom.md\/ru\/wp-json\/wp\/v2\/product\/5267","targetHints":{"allow":["GET"]}}],"collection":[{"href":"https:\/\/olfilprom.md\/ru\/wp-json\/wp\/v2\/product"}],"about":[{"href":"https:\/\/olfilprom.md\/ru\/wp-json\/wp\/v2\/types\/product"}],"wp:featuredmedia":[{"embeddable":true,"href":"https:\/\/olfilprom.md\/ru\/wp-json\/wp\/v2\/media\/5270"}],"wp:attachment":[{"href":"https:\/\/olfilprom.md\/ru\/wp-json\/wp\/v2\/media?parent=5267"}],"wp:term":[{"taxonomy":"product_brand","embeddable":true,"href":"https:\/\/olfilprom.md\/ru\/wp-json\/wp\/v2\/product_brand?post=5267"},{"taxonomy":"product_cat","embeddable":true,"href":"https:\/\/olfilprom.md\/ru\/wp-json\/wp\/v2\/product_cat?post=5267"},{"taxonomy":"product_tag","embeddable":true,"href":"https:\/\/olfilprom.md\/ru\/wp-json\/wp\/v2\/product_tag?post=5267"}],"curies":[{"name":"wp","href":"https:\/\/api.w.org\/{rel}","templated":true}]}}