{"id":5059,"date":"2025-11-27T13:53:14","date_gmt":"2025-11-27T11:53:14","guid":{"rendered":"https:\/\/olfilprom.md\/?post_type=product&#038;p=5059"},"modified":"2025-11-27T15:46:36","modified_gmt":"2025-11-27T13:46:36","slug":"etansant-siliconat-sibax-450g-ls24","status":"publish","type":"product","link":"https:\/\/olfilprom.md\/ru\/chimie-de-constructii\/silicon-poliuretanic\/etansant-siliconat-sibax-450g-ls24\/","title":{"rendered":"Etan\u0219ant siliconat SIBAX 450g, 12 buc min, LS24"},"content":{"rendered":"<p>Etan\u0219ant \u0219i umplutur\u0103 universal pe baz\u0103 de dispersie acrilic\u0103.<\/p>\n<p><strong>Propriet\u0103\u021bi<\/strong><br \/>\n&#8211; Material monocomponent gata de utilizare.<br \/>\n&#8211; Economic.<br \/>\n&#8211; Potrivit pentru aplicare pe beton, c\u0103r\u0103mid\u0103, metal, lemn \u0219i alte materiale de construc\u021bie.<br \/>\n&#8211; Potrivit pentru colorare.<br \/>\n&#8211; C\u00e2nd este uscat, formeaz\u0103 o barier\u0103 impermeabil\u0103.<br \/>\n&#8211; Nu con\u021bine solvent \u0219i este inodor.<br \/>\n&#8211; Usor de curatat.<\/p>\n<p><strong>Aplica\u021bii<\/strong><br \/>\n&#8211; La \u00eembin\u0103rile fixe ale structurii.<br \/>\n&#8211; La jonc\u021biunea peretelui cu ferestrele \u0219i u\u0219ile.<br \/>\n&#8211; Pentru umplerea fisurilor.<\/p>\n<p><strong>Pachet<\/strong><br \/>\n&#8211; Cutii: 30 sh x 450 g.<\/p>\n<p><strong>Date tehnice<\/strong><br \/>\n&#8211; Structura chimic\u0103: polimer acrilic pe baz\u0103 de ap\u0103<br \/>\n&#8211; Densitate: 1,65 g\/ml<br \/>\n&#8211; Temperatura de aplicare: +5\u00b0C p\u00e2n\u0103 la +30\u00b0C<br \/>\n&#8211; Uscarea suprafetei: 20-40 min<br \/>\n&#8211; Viteza de uscare: 2 mm\/zi<br \/>\n&#8211; Pierdere de volum: 18-20%<br \/>\n&#8211; Duritate Shore A: 50<br \/>\n&#8211; Abilitatea dinamic\u0103: <10%\n<\/p>\n","protected":false},"excerpt":{"rendered":"<p>Etan\u0219ant \u0219i umplutur\u0103 universal pe baz\u0103 de dispersie acrilic\u0103. Propriet\u0103\u021bi &#8211; Material monocomponent gata de utilizare. &#8211; Economic. &#8211; Potrivit pentru aplicare pe beton, c\u0103r\u0103mid\u0103, metal, lemn \u0219i alte materiale<\/p>\n","protected":false},"featured_media":5060,"template":"","meta":[],"product_brand":[],"product_cat":[33],"product_tag":[],"class_list":{"0":"post-5059","1":"product","2":"type-product","3":"status-publish","4":"has-post-thumbnail","6":"product_cat-silicon-poliuretanic","8":"first","9":"instock","10":"sale","11":"shipping-taxable","12":"purchasable","13":"product-type-simple"},"yoast_head":"<!-- This site is optimized with the Yoast SEO plugin v27.1.1 - https:\/\/yoast.com\/product\/yoast-seo-wordpress\/ -->\n<title>Etan\u0219ant siliconat SIBAX 450g, 12 buc min, LS24 - olfilprom.md<\/title>\n<meta name=\"description\" content=\"Etan\u0219ant \u0219i umplutur\u0103 universal pe baz\u0103 de dispersie acrilic\u0103. Propriet\u0103\u021bi - Material monocomponent gata de utilizare. - Economic. - Potrivit pentru\" \/>\n<meta name=\"robots\" content=\"index, follow, max-snippet:-1, max-image-preview:large, max-video-preview:-1\" \/>\n<link rel=\"canonical\" href=\"https:\/\/olfilprom.md\/ru\/chimie-de-constructii\/silicon-poliuretanic\/etansant-siliconat-sibax-450g-ls24\/\" \/>\n<meta property=\"og:locale\" content=\"ru_RU\" \/>\n<meta property=\"og:type\" content=\"article\" \/>\n<meta property=\"og:title\" content=\"Etan\u0219ant siliconat SIBAX 450g, 12 buc min, LS24 - olfilprom.md\" \/>\n<meta property=\"og:description\" content=\"Etan\u0219ant \u0219i umplutur\u0103 universal pe baz\u0103 de dispersie acrilic\u0103. Propriet\u0103\u021bi - Material monocomponent gata de utilizare. - Economic. - Potrivit pentru\" \/>\n<meta property=\"og:url\" content=\"https:\/\/olfilprom.md\/ru\/chimie-de-constructii\/silicon-poliuretanic\/etansant-siliconat-sibax-450g-ls24\/\" \/>\n<meta property=\"og:site_name\" content=\"olfilprom.md\" \/>\n<meta property=\"article:publisher\" content=\"https:\/\/www.facebook.com\/olfilprom.md\/\" \/>\n<meta property=\"article:modified_time\" content=\"2025-11-27T13:46:36+00:00\" \/>\n<meta property=\"og:image\" content=\"https:\/\/olfilprom.md\/wp-content\/uploads\/2024\/12\/sibax-LS24-germetic.jpg\" \/>\n\t<meta property=\"og:image:width\" content=\"738\" \/>\n\t<meta property=\"og:image:height\" content=\"738\" \/>\n\t<meta property=\"og:image:type\" content=\"image\/jpeg\" \/>\n<meta name=\"twitter:card\" content=\"summary_large_image\" \/>\n<meta name=\"twitter:image\" content=\"https:\/\/olfilprom.md\/wp-content\/uploads\/2024\/12\/sibax-LS24-germetic.jpg\" \/>\n<meta name=\"twitter:label1\" content=\"\u041f\u0440\u0438\u043c\u0435\u0440\u043d\u043e\u0435 \u0432\u0440\u0435\u043c\u044f \u0434\u043b\u044f \u0447\u0442\u0435\u043d\u0438\u044f\" \/>\n\t<meta name=\"twitter:data1\" content=\"1 \u043c\u0438\u043d\u0443\u0442\u0430\" \/>\n<script type=\"application\/ld+json\" class=\"yoast-schema-graph\">{\"@context\":\"https:\/\/schema.org\",\"@graph\":[{\"@type\":\"WebPage\",\"@id\":\"https:\/\/olfilprom.md\/ru\/chimie-de-constructii\/silicon-poliuretanic\/etansant-siliconat-sibax-450g-ls24\/\",\"url\":\"https:\/\/olfilprom.md\/ru\/chimie-de-constructii\/silicon-poliuretanic\/etansant-siliconat-sibax-450g-ls24\/\",\"name\":\"Etan\u0219ant siliconat SIBAX 450g, 12 buc min, LS24 - olfilprom.md\",\"isPartOf\":{\"@id\":\"https:\/\/olfilprom.md\/ru\/#website\"},\"primaryImageOfPage\":{\"@id\":\"https:\/\/olfilprom.md\/ru\/chimie-de-constructii\/silicon-poliuretanic\/etansant-siliconat-sibax-450g-ls24\/#primaryimage\"},\"image\":{\"@id\":\"https:\/\/olfilprom.md\/ru\/chimie-de-constructii\/silicon-poliuretanic\/etansant-siliconat-sibax-450g-ls24\/#primaryimage\"},\"thumbnailUrl\":\"https:\/\/olfilprom.md\/wp-content\/uploads\/2024\/12\/sibax-LS24-germetic.jpg\",\"datePublished\":\"2025-11-27T11:53:14+00:00\",\"dateModified\":\"2025-11-27T13:46:36+00:00\",\"description\":\"Etan\u0219ant \u0219i umplutur\u0103 universal pe baz\u0103 de dispersie acrilic\u0103. Propriet\u0103\u021bi - Material monocomponent gata de utilizare. - Economic. - Potrivit pentru\",\"breadcrumb\":{\"@id\":\"https:\/\/olfilprom.md\/ru\/chimie-de-constructii\/silicon-poliuretanic\/etansant-siliconat-sibax-450g-ls24\/#breadcrumb\"},\"inLanguage\":\"ru-RU\",\"potentialAction\":[{\"@type\":\"ReadAction\",\"target\":[\"https:\/\/olfilprom.md\/ru\/chimie-de-constructii\/silicon-poliuretanic\/etansant-siliconat-sibax-450g-ls24\/\"]}]},{\"@type\":\"ImageObject\",\"inLanguage\":\"ru-RU\",\"@id\":\"https:\/\/olfilprom.md\/ru\/chimie-de-constructii\/silicon-poliuretanic\/etansant-siliconat-sibax-450g-ls24\/#primaryimage\",\"url\":\"https:\/\/olfilprom.md\/wp-content\/uploads\/2024\/12\/sibax-LS24-germetic.jpg\",\"contentUrl\":\"https:\/\/olfilprom.md\/wp-content\/uploads\/2024\/12\/sibax-LS24-germetic.jpg\",\"width\":738,\"height\":738,\"caption\":\"Etan\u0219ant siliconat SIBAX 450g, 12 buc min, LS24\"},{\"@type\":\"BreadcrumbList\",\"@id\":\"https:\/\/olfilprom.md\/ru\/chimie-de-constructii\/silicon-poliuretanic\/etansant-siliconat-sibax-450g-ls24\/#breadcrumb\",\"itemListElement\":[{\"@type\":\"ListItem\",\"position\":1,\"name\":\"\u0413\u043b\u0430\u0432\u043d\u0430\u044f \u0441\u0442\u0440\u0430\u043d\u0438\u0446\u0430\",\"item\":\"https:\/\/olfilprom.md\/ru\/\"},{\"@type\":\"ListItem\",\"position\":2,\"name\":\"\u041c\u0430\u0433\u0430\u0437\u0438\u043d\",\"item\":\"https:\/\/olfilprom.md\/ru\/magazin\/\"},{\"@type\":\"ListItem\",\"position\":3,\"name\":\"Etan\u0219ant siliconat SIBAX 450g, 12 buc min, LS24\"}]},{\"@type\":\"WebSite\",\"@id\":\"https:\/\/olfilprom.md\/ru\/#website\",\"url\":\"https:\/\/olfilprom.md\/ru\/\",\"name\":\"olfilprom.md\",\"description\":\"Vanzarea angro si cu amanuntul a instrumentelor si a materialelor | olfilprom.md\",\"publisher\":{\"@id\":\"https:\/\/olfilprom.md\/ru\/#organization\"},\"potentialAction\":[{\"@type\":\"SearchAction\",\"target\":{\"@type\":\"EntryPoint\",\"urlTemplate\":\"https:\/\/olfilprom.md\/ru\/?s={search_term_string}\"},\"query-input\":{\"@type\":\"PropertyValueSpecification\",\"valueRequired\":true,\"valueName\":\"search_term_string\"}}],\"inLanguage\":\"ru-RU\"},{\"@type\":\"Organization\",\"@id\":\"https:\/\/olfilprom.md\/ru\/#organization\",\"name\":\"Olfilprom\",\"url\":\"https:\/\/olfilprom.md\/ru\/\",\"logo\":{\"@type\":\"ImageObject\",\"inLanguage\":\"ru-RU\",\"@id\":\"https:\/\/olfilprom.md\/ru\/#\/schema\/logo\/image\/\",\"url\":\"https:\/\/olfilprom.md\/wp-content\/uploads\/2020\/12\/olfilprom-logo-250-250.jpg\",\"contentUrl\":\"https:\/\/olfilprom.md\/wp-content\/uploads\/2020\/12\/olfilprom-logo-250-250.jpg\",\"width\":250,\"height\":250,\"caption\":\"Olfilprom\"},\"image\":{\"@id\":\"https:\/\/olfilprom.md\/ru\/#\/schema\/logo\/image\/\"},\"sameAs\":[\"https:\/\/www.facebook.com\/olfilprom.md\/\"]}]}<\/script>\n<!-- \/ Yoast SEO plugin. -->","yoast_head_json":{"title":"Etan\u0219ant siliconat SIBAX 450g, 12 buc min, LS24 - olfilprom.md","description":"Etan\u0219ant \u0219i umplutur\u0103 universal pe baz\u0103 de dispersie acrilic\u0103. Propriet\u0103\u021bi - Material monocomponent gata de utilizare. - Economic. - Potrivit pentru","robots":{"index":"index","follow":"follow","max-snippet":"max-snippet:-1","max-image-preview":"max-image-preview:large","max-video-preview":"max-video-preview:-1"},"canonical":"https:\/\/olfilprom.md\/ru\/chimie-de-constructii\/silicon-poliuretanic\/etansant-siliconat-sibax-450g-ls24\/","og_locale":"ru_RU","og_type":"article","og_title":"Etan\u0219ant siliconat SIBAX 450g, 12 buc min, LS24 - olfilprom.md","og_description":"Etan\u0219ant \u0219i umplutur\u0103 universal pe baz\u0103 de dispersie acrilic\u0103. Propriet\u0103\u021bi - Material monocomponent gata de utilizare. - Economic. - Potrivit pentru","og_url":"https:\/\/olfilprom.md\/ru\/chimie-de-constructii\/silicon-poliuretanic\/etansant-siliconat-sibax-450g-ls24\/","og_site_name":"olfilprom.md","article_publisher":"https:\/\/www.facebook.com\/olfilprom.md\/","article_modified_time":"2025-11-27T13:46:36+00:00","og_image":[{"width":738,"height":738,"url":"https:\/\/olfilprom.md\/wp-content\/uploads\/2024\/12\/sibax-LS24-germetic.jpg","type":"image\/jpeg"}],"twitter_card":"summary_large_image","twitter_image":"https:\/\/olfilprom.md\/wp-content\/uploads\/2024\/12\/sibax-LS24-germetic.jpg","twitter_misc":{"\u041f\u0440\u0438\u043c\u0435\u0440\u043d\u043e\u0435 \u0432\u0440\u0435\u043c\u044f \u0434\u043b\u044f \u0447\u0442\u0435\u043d\u0438\u044f":"1 \u043c\u0438\u043d\u0443\u0442\u0430"},"schema":{"@context":"https:\/\/schema.org","@graph":[{"@type":"WebPage","@id":"https:\/\/olfilprom.md\/ru\/chimie-de-constructii\/silicon-poliuretanic\/etansant-siliconat-sibax-450g-ls24\/","url":"https:\/\/olfilprom.md\/ru\/chimie-de-constructii\/silicon-poliuretanic\/etansant-siliconat-sibax-450g-ls24\/","name":"Etan\u0219ant siliconat SIBAX 450g, 12 buc min, LS24 - olfilprom.md","isPartOf":{"@id":"https:\/\/olfilprom.md\/ru\/#website"},"primaryImageOfPage":{"@id":"https:\/\/olfilprom.md\/ru\/chimie-de-constructii\/silicon-poliuretanic\/etansant-siliconat-sibax-450g-ls24\/#primaryimage"},"image":{"@id":"https:\/\/olfilprom.md\/ru\/chimie-de-constructii\/silicon-poliuretanic\/etansant-siliconat-sibax-450g-ls24\/#primaryimage"},"thumbnailUrl":"https:\/\/olfilprom.md\/wp-content\/uploads\/2024\/12\/sibax-LS24-germetic.jpg","datePublished":"2025-11-27T11:53:14+00:00","dateModified":"2025-11-27T13:46:36+00:00","description":"Etan\u0219ant \u0219i umplutur\u0103 universal pe baz\u0103 de dispersie acrilic\u0103. Propriet\u0103\u021bi - Material monocomponent gata de utilizare. - Economic. - Potrivit pentru","breadcrumb":{"@id":"https:\/\/olfilprom.md\/ru\/chimie-de-constructii\/silicon-poliuretanic\/etansant-siliconat-sibax-450g-ls24\/#breadcrumb"},"inLanguage":"ru-RU","potentialAction":[{"@type":"ReadAction","target":["https:\/\/olfilprom.md\/ru\/chimie-de-constructii\/silicon-poliuretanic\/etansant-siliconat-sibax-450g-ls24\/"]}]},{"@type":"ImageObject","inLanguage":"ru-RU","@id":"https:\/\/olfilprom.md\/ru\/chimie-de-constructii\/silicon-poliuretanic\/etansant-siliconat-sibax-450g-ls24\/#primaryimage","url":"https:\/\/olfilprom.md\/wp-content\/uploads\/2024\/12\/sibax-LS24-germetic.jpg","contentUrl":"https:\/\/olfilprom.md\/wp-content\/uploads\/2024\/12\/sibax-LS24-germetic.jpg","width":738,"height":738,"caption":"Etan\u0219ant siliconat SIBAX 450g, 12 buc min, LS24"},{"@type":"BreadcrumbList","@id":"https:\/\/olfilprom.md\/ru\/chimie-de-constructii\/silicon-poliuretanic\/etansant-siliconat-sibax-450g-ls24\/#breadcrumb","itemListElement":[{"@type":"ListItem","position":1,"name":"\u0413\u043b\u0430\u0432\u043d\u0430\u044f \u0441\u0442\u0440\u0430\u043d\u0438\u0446\u0430","item":"https:\/\/olfilprom.md\/ru\/"},{"@type":"ListItem","position":2,"name":"\u041c\u0430\u0433\u0430\u0437\u0438\u043d","item":"https:\/\/olfilprom.md\/ru\/magazin\/"},{"@type":"ListItem","position":3,"name":"Etan\u0219ant siliconat SIBAX 450g, 12 buc min, LS24"}]},{"@type":"WebSite","@id":"https:\/\/olfilprom.md\/ru\/#website","url":"https:\/\/olfilprom.md\/ru\/","name":"olfilprom.md","description":"Vanzarea angro si cu amanuntul a instrumentelor si a materialelor | olfilprom.md","publisher":{"@id":"https:\/\/olfilprom.md\/ru\/#organization"},"potentialAction":[{"@type":"SearchAction","target":{"@type":"EntryPoint","urlTemplate":"https:\/\/olfilprom.md\/ru\/?s={search_term_string}"},"query-input":{"@type":"PropertyValueSpecification","valueRequired":true,"valueName":"search_term_string"}}],"inLanguage":"ru-RU"},{"@type":"Organization","@id":"https:\/\/olfilprom.md\/ru\/#organization","name":"Olfilprom","url":"https:\/\/olfilprom.md\/ru\/","logo":{"@type":"ImageObject","inLanguage":"ru-RU","@id":"https:\/\/olfilprom.md\/ru\/#\/schema\/logo\/image\/","url":"https:\/\/olfilprom.md\/wp-content\/uploads\/2020\/12\/olfilprom-logo-250-250.jpg","contentUrl":"https:\/\/olfilprom.md\/wp-content\/uploads\/2020\/12\/olfilprom-logo-250-250.jpg","width":250,"height":250,"caption":"Olfilprom"},"image":{"@id":"https:\/\/olfilprom.md\/ru\/#\/schema\/logo\/image\/"},"sameAs":["https:\/\/www.facebook.com\/olfilprom.md\/"]}]}},"_links":{"self":[{"href":"https:\/\/olfilprom.md\/ru\/wp-json\/wp\/v2\/product\/5059","targetHints":{"allow":["GET"]}}],"collection":[{"href":"https:\/\/olfilprom.md\/ru\/wp-json\/wp\/v2\/product"}],"about":[{"href":"https:\/\/olfilprom.md\/ru\/wp-json\/wp\/v2\/types\/product"}],"wp:featuredmedia":[{"embeddable":true,"href":"https:\/\/olfilprom.md\/ru\/wp-json\/wp\/v2\/media\/5060"}],"wp:attachment":[{"href":"https:\/\/olfilprom.md\/ru\/wp-json\/wp\/v2\/media?parent=5059"}],"wp:term":[{"taxonomy":"product_brand","embeddable":true,"href":"https:\/\/olfilprom.md\/ru\/wp-json\/wp\/v2\/product_brand?post=5059"},{"taxonomy":"product_cat","embeddable":true,"href":"https:\/\/olfilprom.md\/ru\/wp-json\/wp\/v2\/product_cat?post=5059"},{"taxonomy":"product_tag","embeddable":true,"href":"https:\/\/olfilprom.md\/ru\/wp-json\/wp\/v2\/product_tag?post=5059"}],"curies":[{"name":"wp","href":"https:\/\/api.w.org\/{rel}","templated":true}]}}