{"id":5056,"date":"2025-11-27T13:41:25","date_gmt":"2025-11-27T11:41:25","guid":{"rendered":"https:\/\/olfilprom.md\/?post_type=product&#038;p=5056"},"modified":"2025-11-27T15:41:42","modified_gmt":"2025-11-27T13:41:42","slug":"sibax-280ml-ls66","status":"publish","type":"product","link":"https:\/\/olfilprom.md\/ru\/chimie-de-constructii\/silicon-poliuretanic\/sibax-280ml-ls66\/","title":{"rendered":"Silicon SIBAX 280ml, 12 buc min, LS66"},"content":{"rendered":"<p>Un silicon monocomponent de etan\u0219are \u0219i lipire care ofer\u0103 o aderen\u021b\u0103 puternic\u0103 la materialele neporoase precum sticla, faian\u021ba \u0219i ceramica.<\/p>\n<p><strong>Propriet\u0103\u021bi<\/strong><br \/>\n&#8211; Dispune de un sistem de \u00eent\u0103rire cu acetoxin\u0103.<br \/>\n&#8211; Nu curge de pe suprafete verticale.<br \/>\n&#8211; Aderen\u021b\u0103 puternic\u0103 la toate materialele de construc\u021bie uzuale.<br \/>\n&#8211; C\u00e2nd este uscat, formeaz\u0103 o barier\u0103 impermeabil\u0103.<br \/>\n&#8211; Con\u021bine aditivi care \u00eencetinesc formarea umezelii \u0219i a mucegaiului.<br \/>\n&#8211; Potrivit pentru aplica\u021bii interioare \u0219i exterioare.<br \/>\n&#8211; Rezistent la schimb\u0103rile de temperatur\u0103 \u0219i vreme.<\/p>\n<p><strong>Aplica\u021bii<\/strong><br \/>\n&#8211; Pentru a asigura etan\u0219eitatea general\u0103 \u00een interior \u0219i exterior.<br \/>\n&#8211; \u00cen buc\u0103t\u0103rie, \u00een baie \u0219i pe alte suprafe\u021be umede.<br \/>\n&#8211; Pentru lipirea sticlei, faian\u021bei, metalelor \u0219i materialelor netede similare.<\/p>\n<p><strong>Pachet<\/strong><br \/>\n&#8211; Cutie, 30 buc x 280 ml<br \/>\n&#8211; Cutie, 36 buc x 40 ml<\/p>\n<p><strong>Date tehnice<\/strong><br \/>\n&#8211; \u00cent\u0103rire: acetoxi monocomponent<br \/>\n&#8211; Densitate: 0,96 g\/l<br \/>\n&#8211; Timp p\u00e2n\u0103 c\u00e2nd lipirea dispare: 15 minute<br \/>\n&#8211; Uscare: 3 mm\/zi<br \/>\n&#8211; Duritate Shore A: 19<br \/>\n&#8211; Alungire la rupere: 570%<br \/>\n&#8211; Recuperare elastic\u0103: >95%<br \/>\n&#8211; Abilitatea dinamic\u0103: 15%<br \/>\n&#8211; Temperatura de functionare: -40\u00b0C pana la +120\u00b0C<br \/>\n&#8211; Temperatura suprafetei de lucru: de la +5\u00b0C la +40\u00b0C<\/p>\n","protected":false},"excerpt":{"rendered":"<p>Un silicon monocomponent de etan\u0219are \u0219i lipire care ofer\u0103 o aderen\u021b\u0103 puternic\u0103 la materialele neporoase precum sticla, faian\u021ba \u0219i ceramica. Propriet\u0103\u021bi &#8211; Dispune de un sistem de \u00eent\u0103rire cu acetoxin\u0103.<\/p>\n","protected":false},"featured_media":5057,"template":"","meta":[],"product_brand":[],"product_cat":[33],"product_tag":[],"class_list":{"0":"post-5056","1":"product","2":"type-product","3":"status-publish","4":"has-post-thumbnail","6":"product_cat-silicon-poliuretanic","8":"first","9":"instock","10":"sale","11":"shipping-taxable","12":"purchasable","13":"product-type-simple"},"yoast_head":"<!-- This site is optimized with the Yoast SEO plugin v27.1.1 - https:\/\/yoast.com\/product\/yoast-seo-wordpress\/ -->\n<title>Silicon SIBAX 280ml, 12 buc min, LS66 - olfilprom.md<\/title>\n<meta name=\"description\" content=\"Un silicon monocomponent de etan\u0219are \u0219i lipire care ofer\u0103 o aderen\u021b\u0103 puternic\u0103 la materialele neporoase precum sticla, faian\u021ba \u0219i ceramica. Propriet\u0103\u021bi -\" \/>\n<meta name=\"robots\" content=\"index, follow, max-snippet:-1, max-image-preview:large, max-video-preview:-1\" \/>\n<link rel=\"canonical\" href=\"https:\/\/olfilprom.md\/ru\/chimie-de-constructii\/silicon-poliuretanic\/sibax-280ml-ls66\/\" \/>\n<meta property=\"og:locale\" content=\"ru_RU\" \/>\n<meta property=\"og:type\" content=\"article\" \/>\n<meta property=\"og:title\" content=\"Silicon SIBAX 280ml, 12 buc min, LS66 - olfilprom.md\" \/>\n<meta property=\"og:description\" content=\"Un silicon monocomponent de etan\u0219are \u0219i lipire care ofer\u0103 o aderen\u021b\u0103 puternic\u0103 la materialele neporoase precum sticla, faian\u021ba \u0219i ceramica. Propriet\u0103\u021bi -\" \/>\n<meta property=\"og:url\" content=\"https:\/\/olfilprom.md\/ru\/chimie-de-constructii\/silicon-poliuretanic\/sibax-280ml-ls66\/\" \/>\n<meta property=\"og:site_name\" content=\"olfilprom.md\" \/>\n<meta property=\"article:publisher\" content=\"https:\/\/www.facebook.com\/olfilprom.md\/\" \/>\n<meta property=\"article:modified_time\" content=\"2025-11-27T13:41:42+00:00\" \/>\n<meta property=\"og:image\" content=\"https:\/\/olfilprom.md\/wp-content\/uploads\/2024\/12\/sibax_LS66-silicon.jpg\" \/>\n\t<meta property=\"og:image:width\" content=\"738\" \/>\n\t<meta property=\"og:image:height\" content=\"738\" \/>\n\t<meta property=\"og:image:type\" content=\"image\/jpeg\" \/>\n<meta name=\"twitter:card\" content=\"summary_large_image\" \/>\n<meta name=\"twitter:image\" content=\"https:\/\/olfilprom.md\/wp-content\/uploads\/2024\/12\/sibax_LS66-silicon.jpg\" \/>\n<meta name=\"twitter:label1\" content=\"\u041f\u0440\u0438\u043c\u0435\u0440\u043d\u043e\u0435 \u0432\u0440\u0435\u043c\u044f \u0434\u043b\u044f \u0447\u0442\u0435\u043d\u0438\u044f\" \/>\n\t<meta name=\"twitter:data1\" content=\"2 \u043c\u0438\u043d\u0443\u0442\u044b\" \/>\n<script type=\"application\/ld+json\" class=\"yoast-schema-graph\">{\"@context\":\"https:\/\/schema.org\",\"@graph\":[{\"@type\":\"WebPage\",\"@id\":\"https:\/\/olfilprom.md\/ru\/chimie-de-constructii\/silicon-poliuretanic\/sibax-280ml-ls66\/\",\"url\":\"https:\/\/olfilprom.md\/ru\/chimie-de-constructii\/silicon-poliuretanic\/sibax-280ml-ls66\/\",\"name\":\"Silicon SIBAX 280ml, 12 buc min, LS66 - olfilprom.md\",\"isPartOf\":{\"@id\":\"https:\/\/olfilprom.md\/ru\/#website\"},\"primaryImageOfPage\":{\"@id\":\"https:\/\/olfilprom.md\/ru\/chimie-de-constructii\/silicon-poliuretanic\/sibax-280ml-ls66\/#primaryimage\"},\"image\":{\"@id\":\"https:\/\/olfilprom.md\/ru\/chimie-de-constructii\/silicon-poliuretanic\/sibax-280ml-ls66\/#primaryimage\"},\"thumbnailUrl\":\"https:\/\/olfilprom.md\/wp-content\/uploads\/2024\/12\/sibax_LS66-silicon.jpg\",\"datePublished\":\"2025-11-27T11:41:25+00:00\",\"dateModified\":\"2025-11-27T13:41:42+00:00\",\"description\":\"Un silicon monocomponent de etan\u0219are \u0219i lipire care ofer\u0103 o aderen\u021b\u0103 puternic\u0103 la materialele neporoase precum sticla, faian\u021ba \u0219i ceramica. Propriet\u0103\u021bi -\",\"breadcrumb\":{\"@id\":\"https:\/\/olfilprom.md\/ru\/chimie-de-constructii\/silicon-poliuretanic\/sibax-280ml-ls66\/#breadcrumb\"},\"inLanguage\":\"ru-RU\",\"potentialAction\":[{\"@type\":\"ReadAction\",\"target\":[\"https:\/\/olfilprom.md\/ru\/chimie-de-constructii\/silicon-poliuretanic\/sibax-280ml-ls66\/\"]}]},{\"@type\":\"ImageObject\",\"inLanguage\":\"ru-RU\",\"@id\":\"https:\/\/olfilprom.md\/ru\/chimie-de-constructii\/silicon-poliuretanic\/sibax-280ml-ls66\/#primaryimage\",\"url\":\"https:\/\/olfilprom.md\/wp-content\/uploads\/2024\/12\/sibax_LS66-silicon.jpg\",\"contentUrl\":\"https:\/\/olfilprom.md\/wp-content\/uploads\/2024\/12\/sibax_LS66-silicon.jpg\",\"width\":738,\"height\":738,\"caption\":\"Silicon SIBAX 280ml, 12 buc min, LS66\"},{\"@type\":\"BreadcrumbList\",\"@id\":\"https:\/\/olfilprom.md\/ru\/chimie-de-constructii\/silicon-poliuretanic\/sibax-280ml-ls66\/#breadcrumb\",\"itemListElement\":[{\"@type\":\"ListItem\",\"position\":1,\"name\":\"\u0413\u043b\u0430\u0432\u043d\u0430\u044f \u0441\u0442\u0440\u0430\u043d\u0438\u0446\u0430\",\"item\":\"https:\/\/olfilprom.md\/ru\/\"},{\"@type\":\"ListItem\",\"position\":2,\"name\":\"\u041c\u0430\u0433\u0430\u0437\u0438\u043d\",\"item\":\"https:\/\/olfilprom.md\/ru\/magazin\/\"},{\"@type\":\"ListItem\",\"position\":3,\"name\":\"Silicon SIBAX 280ml, 12 buc min, LS66\"}]},{\"@type\":\"WebSite\",\"@id\":\"https:\/\/olfilprom.md\/ru\/#website\",\"url\":\"https:\/\/olfilprom.md\/ru\/\",\"name\":\"olfilprom.md\",\"description\":\"Vanzarea angro si cu amanuntul a instrumentelor si a materialelor | olfilprom.md\",\"publisher\":{\"@id\":\"https:\/\/olfilprom.md\/ru\/#organization\"},\"potentialAction\":[{\"@type\":\"SearchAction\",\"target\":{\"@type\":\"EntryPoint\",\"urlTemplate\":\"https:\/\/olfilprom.md\/ru\/?s={search_term_string}\"},\"query-input\":{\"@type\":\"PropertyValueSpecification\",\"valueRequired\":true,\"valueName\":\"search_term_string\"}}],\"inLanguage\":\"ru-RU\"},{\"@type\":\"Organization\",\"@id\":\"https:\/\/olfilprom.md\/ru\/#organization\",\"name\":\"Olfilprom\",\"url\":\"https:\/\/olfilprom.md\/ru\/\",\"logo\":{\"@type\":\"ImageObject\",\"inLanguage\":\"ru-RU\",\"@id\":\"https:\/\/olfilprom.md\/ru\/#\/schema\/logo\/image\/\",\"url\":\"https:\/\/olfilprom.md\/wp-content\/uploads\/2020\/12\/olfilprom-logo-250-250.jpg\",\"contentUrl\":\"https:\/\/olfilprom.md\/wp-content\/uploads\/2020\/12\/olfilprom-logo-250-250.jpg\",\"width\":250,\"height\":250,\"caption\":\"Olfilprom\"},\"image\":{\"@id\":\"https:\/\/olfilprom.md\/ru\/#\/schema\/logo\/image\/\"},\"sameAs\":[\"https:\/\/www.facebook.com\/olfilprom.md\/\"]}]}<\/script>\n<!-- \/ Yoast SEO plugin. -->","yoast_head_json":{"title":"Silicon SIBAX 280ml, 12 buc min, LS66 - olfilprom.md","description":"Un silicon monocomponent de etan\u0219are \u0219i lipire care ofer\u0103 o aderen\u021b\u0103 puternic\u0103 la materialele neporoase precum sticla, faian\u021ba \u0219i ceramica. Propriet\u0103\u021bi -","robots":{"index":"index","follow":"follow","max-snippet":"max-snippet:-1","max-image-preview":"max-image-preview:large","max-video-preview":"max-video-preview:-1"},"canonical":"https:\/\/olfilprom.md\/ru\/chimie-de-constructii\/silicon-poliuretanic\/sibax-280ml-ls66\/","og_locale":"ru_RU","og_type":"article","og_title":"Silicon SIBAX 280ml, 12 buc min, LS66 - olfilprom.md","og_description":"Un silicon monocomponent de etan\u0219are \u0219i lipire care ofer\u0103 o aderen\u021b\u0103 puternic\u0103 la materialele neporoase precum sticla, faian\u021ba \u0219i ceramica. Propriet\u0103\u021bi -","og_url":"https:\/\/olfilprom.md\/ru\/chimie-de-constructii\/silicon-poliuretanic\/sibax-280ml-ls66\/","og_site_name":"olfilprom.md","article_publisher":"https:\/\/www.facebook.com\/olfilprom.md\/","article_modified_time":"2025-11-27T13:41:42+00:00","og_image":[{"width":738,"height":738,"url":"https:\/\/olfilprom.md\/wp-content\/uploads\/2024\/12\/sibax_LS66-silicon.jpg","type":"image\/jpeg"}],"twitter_card":"summary_large_image","twitter_image":"https:\/\/olfilprom.md\/wp-content\/uploads\/2024\/12\/sibax_LS66-silicon.jpg","twitter_misc":{"\u041f\u0440\u0438\u043c\u0435\u0440\u043d\u043e\u0435 \u0432\u0440\u0435\u043c\u044f \u0434\u043b\u044f \u0447\u0442\u0435\u043d\u0438\u044f":"2 \u043c\u0438\u043d\u0443\u0442\u044b"},"schema":{"@context":"https:\/\/schema.org","@graph":[{"@type":"WebPage","@id":"https:\/\/olfilprom.md\/ru\/chimie-de-constructii\/silicon-poliuretanic\/sibax-280ml-ls66\/","url":"https:\/\/olfilprom.md\/ru\/chimie-de-constructii\/silicon-poliuretanic\/sibax-280ml-ls66\/","name":"Silicon SIBAX 280ml, 12 buc min, LS66 - olfilprom.md","isPartOf":{"@id":"https:\/\/olfilprom.md\/ru\/#website"},"primaryImageOfPage":{"@id":"https:\/\/olfilprom.md\/ru\/chimie-de-constructii\/silicon-poliuretanic\/sibax-280ml-ls66\/#primaryimage"},"image":{"@id":"https:\/\/olfilprom.md\/ru\/chimie-de-constructii\/silicon-poliuretanic\/sibax-280ml-ls66\/#primaryimage"},"thumbnailUrl":"https:\/\/olfilprom.md\/wp-content\/uploads\/2024\/12\/sibax_LS66-silicon.jpg","datePublished":"2025-11-27T11:41:25+00:00","dateModified":"2025-11-27T13:41:42+00:00","description":"Un silicon monocomponent de etan\u0219are \u0219i lipire care ofer\u0103 o aderen\u021b\u0103 puternic\u0103 la materialele neporoase precum sticla, faian\u021ba \u0219i ceramica. Propriet\u0103\u021bi -","breadcrumb":{"@id":"https:\/\/olfilprom.md\/ru\/chimie-de-constructii\/silicon-poliuretanic\/sibax-280ml-ls66\/#breadcrumb"},"inLanguage":"ru-RU","potentialAction":[{"@type":"ReadAction","target":["https:\/\/olfilprom.md\/ru\/chimie-de-constructii\/silicon-poliuretanic\/sibax-280ml-ls66\/"]}]},{"@type":"ImageObject","inLanguage":"ru-RU","@id":"https:\/\/olfilprom.md\/ru\/chimie-de-constructii\/silicon-poliuretanic\/sibax-280ml-ls66\/#primaryimage","url":"https:\/\/olfilprom.md\/wp-content\/uploads\/2024\/12\/sibax_LS66-silicon.jpg","contentUrl":"https:\/\/olfilprom.md\/wp-content\/uploads\/2024\/12\/sibax_LS66-silicon.jpg","width":738,"height":738,"caption":"Silicon SIBAX 280ml, 12 buc min, LS66"},{"@type":"BreadcrumbList","@id":"https:\/\/olfilprom.md\/ru\/chimie-de-constructii\/silicon-poliuretanic\/sibax-280ml-ls66\/#breadcrumb","itemListElement":[{"@type":"ListItem","position":1,"name":"\u0413\u043b\u0430\u0432\u043d\u0430\u044f \u0441\u0442\u0440\u0430\u043d\u0438\u0446\u0430","item":"https:\/\/olfilprom.md\/ru\/"},{"@type":"ListItem","position":2,"name":"\u041c\u0430\u0433\u0430\u0437\u0438\u043d","item":"https:\/\/olfilprom.md\/ru\/magazin\/"},{"@type":"ListItem","position":3,"name":"Silicon SIBAX 280ml, 12 buc min, LS66"}]},{"@type":"WebSite","@id":"https:\/\/olfilprom.md\/ru\/#website","url":"https:\/\/olfilprom.md\/ru\/","name":"olfilprom.md","description":"Vanzarea angro si cu amanuntul a instrumentelor si a materialelor | olfilprom.md","publisher":{"@id":"https:\/\/olfilprom.md\/ru\/#organization"},"potentialAction":[{"@type":"SearchAction","target":{"@type":"EntryPoint","urlTemplate":"https:\/\/olfilprom.md\/ru\/?s={search_term_string}"},"query-input":{"@type":"PropertyValueSpecification","valueRequired":true,"valueName":"search_term_string"}}],"inLanguage":"ru-RU"},{"@type":"Organization","@id":"https:\/\/olfilprom.md\/ru\/#organization","name":"Olfilprom","url":"https:\/\/olfilprom.md\/ru\/","logo":{"@type":"ImageObject","inLanguage":"ru-RU","@id":"https:\/\/olfilprom.md\/ru\/#\/schema\/logo\/image\/","url":"https:\/\/olfilprom.md\/wp-content\/uploads\/2020\/12\/olfilprom-logo-250-250.jpg","contentUrl":"https:\/\/olfilprom.md\/wp-content\/uploads\/2020\/12\/olfilprom-logo-250-250.jpg","width":250,"height":250,"caption":"Olfilprom"},"image":{"@id":"https:\/\/olfilprom.md\/ru\/#\/schema\/logo\/image\/"},"sameAs":["https:\/\/www.facebook.com\/olfilprom.md\/"]}]}},"_links":{"self":[{"href":"https:\/\/olfilprom.md\/ru\/wp-json\/wp\/v2\/product\/5056","targetHints":{"allow":["GET"]}}],"collection":[{"href":"https:\/\/olfilprom.md\/ru\/wp-json\/wp\/v2\/product"}],"about":[{"href":"https:\/\/olfilprom.md\/ru\/wp-json\/wp\/v2\/types\/product"}],"wp:featuredmedia":[{"embeddable":true,"href":"https:\/\/olfilprom.md\/ru\/wp-json\/wp\/v2\/media\/5057"}],"wp:attachment":[{"href":"https:\/\/olfilprom.md\/ru\/wp-json\/wp\/v2\/media?parent=5056"}],"wp:term":[{"taxonomy":"product_brand","embeddable":true,"href":"https:\/\/olfilprom.md\/ru\/wp-json\/wp\/v2\/product_brand?post=5056"},{"taxonomy":"product_cat","embeddable":true,"href":"https:\/\/olfilprom.md\/ru\/wp-json\/wp\/v2\/product_cat?post=5056"},{"taxonomy":"product_tag","embeddable":true,"href":"https:\/\/olfilprom.md\/ru\/wp-json\/wp\/v2\/product_tag?post=5056"}],"curies":[{"name":"wp","href":"https:\/\/api.w.org\/{rel}","templated":true}]}}