{"id":5050,"date":"2025-11-27T13:20:02","date_gmt":"2025-11-27T11:20:02","guid":{"rendered":"https:\/\/olfilprom.md\/?post_type=product&#038;p=5050"},"modified":"2025-11-27T15:40:15","modified_gmt":"2025-11-27T13:40:15","slug":"sibax-0-75-ns66","status":"publish","type":"product","link":"https:\/\/olfilprom.md\/ru\/chimie-de-constructii\/spuma-poliuretanica\/sibax-0-75-ns66\/","title":{"rendered":"Spuma poliuretanica SIBAX 0.75, 12 buc min, NS66"},"content":{"rendered":"<p>Spum\u0103 poliuretanic\u0103 universal\u0103 pentru umplere.<\/p>\n<p><strong>Propriet\u0103\u021bi<\/strong><br \/>\n&#8211; Expansiune redus\u0103.<br \/>\n&#8211; Uscare rapida.<br \/>\n&#8211; Productivitate ridicat\u0103.<br \/>\n&#8211; Capacitate mare de izolare.<br \/>\n&#8211; Structur\u0103 semiflexibil\u0103.<\/p>\n<p><strong>Aplica\u021bii<\/strong><br \/>\n&#8211; Umplerea golurilor din jurul u\u0219ilor \u0219i ferestrelor.<br \/>\n&#8211; Umplerea golurilor, fisurilor \u0219i golurilor din cl\u0103diri pentru a asigura izolare.<\/p>\n<p><strong>Pachet<\/strong><br \/>\n&#8211; Cutie, 12 buc x 600 g.<\/p>\n<p><strong>Date tehnice<\/strong><br \/>\n&#8211; Densitate: 24-28 kg\/m3<br \/>\n&#8211; Spumare: 35-40 litri\/1000ml<br \/>\n&#8211; Cre\u0219tere \u00een volum: %150-200<br \/>\n&#8211; Pierdere de volum: maxim 5%<br \/>\n&#8211; Culoare: Galben deschis<br \/>\n&#8211; Timp p\u00e2n\u0103 c\u00e2nd lipirea dispare: 7-10 minute<br \/>\n&#8211; Timp \u00eenainte de tundere: 30-40 min<\/p>\n","protected":false},"excerpt":{"rendered":"<p>Spum\u0103 poliuretanic\u0103 universal\u0103 pentru umplere. Propriet\u0103\u021bi &#8211; Expansiune redus\u0103. &#8211; Uscare rapida. &#8211; Productivitate ridicat\u0103. &#8211; Capacitate mare de izolare. &#8211; Structur\u0103 semiflexibil\u0103. Aplica\u021bii &#8211; Umplerea golurilor din jurul u\u0219ilor<\/p>\n","protected":false},"featured_media":5054,"template":"","meta":[],"product_brand":[],"product_cat":[35],"product_tag":[],"class_list":{"0":"post-5050","1":"product","2":"type-product","3":"status-publish","4":"has-post-thumbnail","6":"product_cat-spuma-poliuretanica","8":"first","9":"instock","10":"sale","11":"shipping-taxable","12":"purchasable","13":"product-type-simple"},"yoast_head":"<!-- This site is optimized with the Yoast SEO plugin v27.1.1 - https:\/\/yoast.com\/product\/yoast-seo-wordpress\/ -->\n<title>Spuma poliuretanica SIBAX 0.75, 12 buc min, NS66 - olfilprom.md<\/title>\n<meta name=\"description\" content=\"Spum\u0103 poliuretanic\u0103 universal\u0103 pentru umplere. Propriet\u0103\u021bi - Expansiune redus\u0103. - Uscare rapida. - Productivitate ridicat\u0103. - Capacitate mare de izolare.\" \/>\n<meta name=\"robots\" content=\"index, follow, max-snippet:-1, max-image-preview:large, max-video-preview:-1\" \/>\n<link rel=\"canonical\" href=\"https:\/\/olfilprom.md\/ru\/chimie-de-constructii\/spuma-poliuretanica\/sibax-0-75-ns66\/\" \/>\n<meta property=\"og:locale\" content=\"ru_RU\" \/>\n<meta property=\"og:type\" content=\"article\" \/>\n<meta property=\"og:title\" content=\"Spuma poliuretanica SIBAX 0.75, 12 buc min, NS66 - olfilprom.md\" \/>\n<meta property=\"og:description\" content=\"Spum\u0103 poliuretanic\u0103 universal\u0103 pentru umplere. Propriet\u0103\u021bi - Expansiune redus\u0103. - Uscare rapida. - Productivitate ridicat\u0103. - Capacitate mare de izolare.\" \/>\n<meta property=\"og:url\" content=\"https:\/\/olfilprom.md\/ru\/chimie-de-constructii\/spuma-poliuretanica\/sibax-0-75-ns66\/\" \/>\n<meta property=\"og:site_name\" content=\"olfilprom.md\" \/>\n<meta property=\"article:publisher\" content=\"https:\/\/www.facebook.com\/olfilprom.md\/\" \/>\n<meta property=\"article:modified_time\" content=\"2025-11-27T13:40:15+00:00\" \/>\n<meta property=\"og:image\" content=\"https:\/\/olfilprom.md\/wp-content\/uploads\/2024\/12\/sibax-NS66-spuma.jpg\" \/>\n\t<meta property=\"og:image:width\" content=\"738\" \/>\n\t<meta property=\"og:image:height\" content=\"738\" \/>\n\t<meta property=\"og:image:type\" content=\"image\/jpeg\" \/>\n<meta name=\"twitter:card\" content=\"summary_large_image\" \/>\n<meta name=\"twitter:image\" content=\"https:\/\/olfilprom.md\/wp-content\/uploads\/2024\/12\/sibax-NS66-spuma.jpg\" \/>\n<meta name=\"twitter:label1\" content=\"\u041f\u0440\u0438\u043c\u0435\u0440\u043d\u043e\u0435 \u0432\u0440\u0435\u043c\u044f \u0434\u043b\u044f \u0447\u0442\u0435\u043d\u0438\u044f\" \/>\n\t<meta name=\"twitter:data1\" content=\"1 \u043c\u0438\u043d\u0443\u0442\u0430\" \/>\n<script type=\"application\/ld+json\" class=\"yoast-schema-graph\">{\"@context\":\"https:\/\/schema.org\",\"@graph\":[{\"@type\":\"WebPage\",\"@id\":\"https:\/\/olfilprom.md\/ru\/chimie-de-constructii\/spuma-poliuretanica\/sibax-0-75-ns66\/\",\"url\":\"https:\/\/olfilprom.md\/ru\/chimie-de-constructii\/spuma-poliuretanica\/sibax-0-75-ns66\/\",\"name\":\"Spuma poliuretanica SIBAX 0.75, 12 buc min, NS66 - olfilprom.md\",\"isPartOf\":{\"@id\":\"https:\/\/olfilprom.md\/ru\/#website\"},\"primaryImageOfPage\":{\"@id\":\"https:\/\/olfilprom.md\/ru\/chimie-de-constructii\/spuma-poliuretanica\/sibax-0-75-ns66\/#primaryimage\"},\"image\":{\"@id\":\"https:\/\/olfilprom.md\/ru\/chimie-de-constructii\/spuma-poliuretanica\/sibax-0-75-ns66\/#primaryimage\"},\"thumbnailUrl\":\"https:\/\/olfilprom.md\/wp-content\/uploads\/2024\/12\/sibax-NS66-spuma.jpg\",\"datePublished\":\"2025-11-27T11:20:02+00:00\",\"dateModified\":\"2025-11-27T13:40:15+00:00\",\"description\":\"Spum\u0103 poliuretanic\u0103 universal\u0103 pentru umplere. Propriet\u0103\u021bi - Expansiune redus\u0103. - Uscare rapida. - Productivitate ridicat\u0103. - Capacitate mare de izolare.\",\"breadcrumb\":{\"@id\":\"https:\/\/olfilprom.md\/ru\/chimie-de-constructii\/spuma-poliuretanica\/sibax-0-75-ns66\/#breadcrumb\"},\"inLanguage\":\"ru-RU\",\"potentialAction\":[{\"@type\":\"ReadAction\",\"target\":[\"https:\/\/olfilprom.md\/ru\/chimie-de-constructii\/spuma-poliuretanica\/sibax-0-75-ns66\/\"]}]},{\"@type\":\"ImageObject\",\"inLanguage\":\"ru-RU\",\"@id\":\"https:\/\/olfilprom.md\/ru\/chimie-de-constructii\/spuma-poliuretanica\/sibax-0-75-ns66\/#primaryimage\",\"url\":\"https:\/\/olfilprom.md\/wp-content\/uploads\/2024\/12\/sibax-NS66-spuma.jpg\",\"contentUrl\":\"https:\/\/olfilprom.md\/wp-content\/uploads\/2024\/12\/sibax-NS66-spuma.jpg\",\"width\":738,\"height\":738,\"caption\":\"Spuma poliuretanica SIBAX 0.75, NS66\"},{\"@type\":\"BreadcrumbList\",\"@id\":\"https:\/\/olfilprom.md\/ru\/chimie-de-constructii\/spuma-poliuretanica\/sibax-0-75-ns66\/#breadcrumb\",\"itemListElement\":[{\"@type\":\"ListItem\",\"position\":1,\"name\":\"\u0413\u043b\u0430\u0432\u043d\u0430\u044f \u0441\u0442\u0440\u0430\u043d\u0438\u0446\u0430\",\"item\":\"https:\/\/olfilprom.md\/ru\/\"},{\"@type\":\"ListItem\",\"position\":2,\"name\":\"\u041c\u0430\u0433\u0430\u0437\u0438\u043d\",\"item\":\"https:\/\/olfilprom.md\/ru\/magazin\/\"},{\"@type\":\"ListItem\",\"position\":3,\"name\":\"Spuma poliuretanica SIBAX 0.75, 12 buc min, NS66\"}]},{\"@type\":\"WebSite\",\"@id\":\"https:\/\/olfilprom.md\/ru\/#website\",\"url\":\"https:\/\/olfilprom.md\/ru\/\",\"name\":\"olfilprom.md\",\"description\":\"Vanzarea angro si cu amanuntul a instrumentelor si a materialelor | olfilprom.md\",\"publisher\":{\"@id\":\"https:\/\/olfilprom.md\/ru\/#organization\"},\"potentialAction\":[{\"@type\":\"SearchAction\",\"target\":{\"@type\":\"EntryPoint\",\"urlTemplate\":\"https:\/\/olfilprom.md\/ru\/?s={search_term_string}\"},\"query-input\":{\"@type\":\"PropertyValueSpecification\",\"valueRequired\":true,\"valueName\":\"search_term_string\"}}],\"inLanguage\":\"ru-RU\"},{\"@type\":\"Organization\",\"@id\":\"https:\/\/olfilprom.md\/ru\/#organization\",\"name\":\"Olfilprom\",\"url\":\"https:\/\/olfilprom.md\/ru\/\",\"logo\":{\"@type\":\"ImageObject\",\"inLanguage\":\"ru-RU\",\"@id\":\"https:\/\/olfilprom.md\/ru\/#\/schema\/logo\/image\/\",\"url\":\"https:\/\/olfilprom.md\/wp-content\/uploads\/2020\/12\/olfilprom-logo-250-250.jpg\",\"contentUrl\":\"https:\/\/olfilprom.md\/wp-content\/uploads\/2020\/12\/olfilprom-logo-250-250.jpg\",\"width\":250,\"height\":250,\"caption\":\"Olfilprom\"},\"image\":{\"@id\":\"https:\/\/olfilprom.md\/ru\/#\/schema\/logo\/image\/\"},\"sameAs\":[\"https:\/\/www.facebook.com\/olfilprom.md\/\"]}]}<\/script>\n<!-- \/ Yoast SEO plugin. -->","yoast_head_json":{"title":"Spuma poliuretanica SIBAX 0.75, 12 buc min, NS66 - olfilprom.md","description":"Spum\u0103 poliuretanic\u0103 universal\u0103 pentru umplere. Propriet\u0103\u021bi - Expansiune redus\u0103. - Uscare rapida. - Productivitate ridicat\u0103. - Capacitate mare de izolare.","robots":{"index":"index","follow":"follow","max-snippet":"max-snippet:-1","max-image-preview":"max-image-preview:large","max-video-preview":"max-video-preview:-1"},"canonical":"https:\/\/olfilprom.md\/ru\/chimie-de-constructii\/spuma-poliuretanica\/sibax-0-75-ns66\/","og_locale":"ru_RU","og_type":"article","og_title":"Spuma poliuretanica SIBAX 0.75, 12 buc min, NS66 - olfilprom.md","og_description":"Spum\u0103 poliuretanic\u0103 universal\u0103 pentru umplere. Propriet\u0103\u021bi - Expansiune redus\u0103. - Uscare rapida. - Productivitate ridicat\u0103. - Capacitate mare de izolare.","og_url":"https:\/\/olfilprom.md\/ru\/chimie-de-constructii\/spuma-poliuretanica\/sibax-0-75-ns66\/","og_site_name":"olfilprom.md","article_publisher":"https:\/\/www.facebook.com\/olfilprom.md\/","article_modified_time":"2025-11-27T13:40:15+00:00","og_image":[{"width":738,"height":738,"url":"https:\/\/olfilprom.md\/wp-content\/uploads\/2024\/12\/sibax-NS66-spuma.jpg","type":"image\/jpeg"}],"twitter_card":"summary_large_image","twitter_image":"https:\/\/olfilprom.md\/wp-content\/uploads\/2024\/12\/sibax-NS66-spuma.jpg","twitter_misc":{"\u041f\u0440\u0438\u043c\u0435\u0440\u043d\u043e\u0435 \u0432\u0440\u0435\u043c\u044f \u0434\u043b\u044f \u0447\u0442\u0435\u043d\u0438\u044f":"1 \u043c\u0438\u043d\u0443\u0442\u0430"},"schema":{"@context":"https:\/\/schema.org","@graph":[{"@type":"WebPage","@id":"https:\/\/olfilprom.md\/ru\/chimie-de-constructii\/spuma-poliuretanica\/sibax-0-75-ns66\/","url":"https:\/\/olfilprom.md\/ru\/chimie-de-constructii\/spuma-poliuretanica\/sibax-0-75-ns66\/","name":"Spuma poliuretanica SIBAX 0.75, 12 buc min, NS66 - olfilprom.md","isPartOf":{"@id":"https:\/\/olfilprom.md\/ru\/#website"},"primaryImageOfPage":{"@id":"https:\/\/olfilprom.md\/ru\/chimie-de-constructii\/spuma-poliuretanica\/sibax-0-75-ns66\/#primaryimage"},"image":{"@id":"https:\/\/olfilprom.md\/ru\/chimie-de-constructii\/spuma-poliuretanica\/sibax-0-75-ns66\/#primaryimage"},"thumbnailUrl":"https:\/\/olfilprom.md\/wp-content\/uploads\/2024\/12\/sibax-NS66-spuma.jpg","datePublished":"2025-11-27T11:20:02+00:00","dateModified":"2025-11-27T13:40:15+00:00","description":"Spum\u0103 poliuretanic\u0103 universal\u0103 pentru umplere. Propriet\u0103\u021bi - Expansiune redus\u0103. - Uscare rapida. - Productivitate ridicat\u0103. - Capacitate mare de izolare.","breadcrumb":{"@id":"https:\/\/olfilprom.md\/ru\/chimie-de-constructii\/spuma-poliuretanica\/sibax-0-75-ns66\/#breadcrumb"},"inLanguage":"ru-RU","potentialAction":[{"@type":"ReadAction","target":["https:\/\/olfilprom.md\/ru\/chimie-de-constructii\/spuma-poliuretanica\/sibax-0-75-ns66\/"]}]},{"@type":"ImageObject","inLanguage":"ru-RU","@id":"https:\/\/olfilprom.md\/ru\/chimie-de-constructii\/spuma-poliuretanica\/sibax-0-75-ns66\/#primaryimage","url":"https:\/\/olfilprom.md\/wp-content\/uploads\/2024\/12\/sibax-NS66-spuma.jpg","contentUrl":"https:\/\/olfilprom.md\/wp-content\/uploads\/2024\/12\/sibax-NS66-spuma.jpg","width":738,"height":738,"caption":"Spuma poliuretanica SIBAX 0.75, NS66"},{"@type":"BreadcrumbList","@id":"https:\/\/olfilprom.md\/ru\/chimie-de-constructii\/spuma-poliuretanica\/sibax-0-75-ns66\/#breadcrumb","itemListElement":[{"@type":"ListItem","position":1,"name":"\u0413\u043b\u0430\u0432\u043d\u0430\u044f \u0441\u0442\u0440\u0430\u043d\u0438\u0446\u0430","item":"https:\/\/olfilprom.md\/ru\/"},{"@type":"ListItem","position":2,"name":"\u041c\u0430\u0433\u0430\u0437\u0438\u043d","item":"https:\/\/olfilprom.md\/ru\/magazin\/"},{"@type":"ListItem","position":3,"name":"Spuma poliuretanica SIBAX 0.75, 12 buc min, NS66"}]},{"@type":"WebSite","@id":"https:\/\/olfilprom.md\/ru\/#website","url":"https:\/\/olfilprom.md\/ru\/","name":"olfilprom.md","description":"Vanzarea angro si cu amanuntul a instrumentelor si a materialelor | olfilprom.md","publisher":{"@id":"https:\/\/olfilprom.md\/ru\/#organization"},"potentialAction":[{"@type":"SearchAction","target":{"@type":"EntryPoint","urlTemplate":"https:\/\/olfilprom.md\/ru\/?s={search_term_string}"},"query-input":{"@type":"PropertyValueSpecification","valueRequired":true,"valueName":"search_term_string"}}],"inLanguage":"ru-RU"},{"@type":"Organization","@id":"https:\/\/olfilprom.md\/ru\/#organization","name":"Olfilprom","url":"https:\/\/olfilprom.md\/ru\/","logo":{"@type":"ImageObject","inLanguage":"ru-RU","@id":"https:\/\/olfilprom.md\/ru\/#\/schema\/logo\/image\/","url":"https:\/\/olfilprom.md\/wp-content\/uploads\/2020\/12\/olfilprom-logo-250-250.jpg","contentUrl":"https:\/\/olfilprom.md\/wp-content\/uploads\/2020\/12\/olfilprom-logo-250-250.jpg","width":250,"height":250,"caption":"Olfilprom"},"image":{"@id":"https:\/\/olfilprom.md\/ru\/#\/schema\/logo\/image\/"},"sameAs":["https:\/\/www.facebook.com\/olfilprom.md\/"]}]}},"_links":{"self":[{"href":"https:\/\/olfilprom.md\/ru\/wp-json\/wp\/v2\/product\/5050","targetHints":{"allow":["GET"]}}],"collection":[{"href":"https:\/\/olfilprom.md\/ru\/wp-json\/wp\/v2\/product"}],"about":[{"href":"https:\/\/olfilprom.md\/ru\/wp-json\/wp\/v2\/types\/product"}],"wp:featuredmedia":[{"embeddable":true,"href":"https:\/\/olfilprom.md\/ru\/wp-json\/wp\/v2\/media\/5054"}],"wp:attachment":[{"href":"https:\/\/olfilprom.md\/ru\/wp-json\/wp\/v2\/media?parent=5050"}],"wp:term":[{"taxonomy":"product_brand","embeddable":true,"href":"https:\/\/olfilprom.md\/ru\/wp-json\/wp\/v2\/product_brand?post=5050"},{"taxonomy":"product_cat","embeddable":true,"href":"https:\/\/olfilprom.md\/ru\/wp-json\/wp\/v2\/product_cat?post=5050"},{"taxonomy":"product_tag","embeddable":true,"href":"https:\/\/olfilprom.md\/ru\/wp-json\/wp\/v2\/product_tag?post=5050"}],"curies":[{"name":"wp","href":"https:\/\/api.w.org\/{rel}","templated":true}]}}