{"id":4845,"date":"2022-05-13T11:39:21","date_gmt":"2022-05-13T08:39:21","guid":{"rendered":"https:\/\/olfilprom.md\/?post_type=product&#038;p=4845"},"modified":"2025-04-29T15:57:48","modified_gmt":"2025-04-29T12:57:48","slug":"foarfece-ppr-kubis-42mm-02-05-5421","status":"publish","type":"product","link":"https:\/\/olfilprom.md\/ru\/truby-i-fitingi-ppr\/nojnitsy-trub-ppr\/foarfece-ppr-kubis-42mm-02-05-5421\/","title":{"rendered":"Foarfece PPR, Kubis, (42mm), 02-05-5421"},"content":{"rendered":"<p>Foarfeca de taiat tevi 3-42mm &#8211; aparatul de taiat tuburi din polipropilena, este foarte comod de utilizat.<br \/>\nLa taierea tuburilor cu ajutorul aparatului taietura se primeste dreapta, fara deformarea tevii, ceea ce uneori este foarte important pentru procesul ulterior de sudare. <\/p>\n<p>\u0422\u0440\u0443\u0431\u043e\u0440\u0435\u0437 \u0434\u043b\u044f \u043f\u043b\u0430\u0441\u0442\u0438\u043a\u043e\u0432\u044b\u0445 \u0442\u0440\u0443\u0431 Kubis, 205 \u043c\u043c, max \u220542 \u043c\u043c.<br \/>\n\u041e\u0441\u043e\u0431\u043e \u0442\u043e\u0447\u043d\u044b\u0439 \u0431\u0435\u0437\u0434\u0435\u0444\u043e\u0440\u043c\u0430\u0446\u0438\u043e\u043d\u043d\u044b\u0439 \u0440\u0435\u0437.<\/p>\n<p>\u041d\u043e\u0436\u043d\u0438\u0446\u044b \u0434\u043b\u044f \u043f\u043b\u0430\u0441\u0442\u0438\u043a\u043e\u0432\u044b\u0445 \u0438 \u043c\u0435\u0442\u0430\u043b\u043b\u043e\u043f\u043b\u0430\u0441\u0442\u0438\u043a\u043e\u0432\u044b\u0445 \u0442\u0440\u0443\u0431.<br \/>\n\u041e\u0441\u043e\u0431\u043e \u0442\u043e\u0447\u043d\u044b\u0439 \u0431\u0435\u0437\u0434\u0435\u0444\u043e\u0440\u043c\u0430\u0446\u0438\u043e\u043d\u043d\u044b\u0439 \u0440\u0435\u0437. <\/p>\n<p>\u0414\u043b\u044f \u0440\u0430\u0437\u0440\u0435\u0437\u0430\u043d\u0438\u044f \u0440\u0430\u0437\u043b\u0438\u0447\u043d\u043e\u0433\u043e \u0442\u0438\u043f\u0430 \u043f\u043b\u0430\u0441\u0442\u0438\u043a\u043e\u0432\u044b\u0445 \u0438 \u043c\u0435\u0442\u0430\u043b\u043b\u043e\u043f\u043b\u0430\u0441\u0442\u0438\u043a\u043e\u0432\u044b\u0445 \u0442\u0440\u0443\u0431 \u043f\u0440\u0438 \u043c\u043e\u043d\u0442\u0430\u0436\u0435 \u0432\u043e\u0434\u043e\u043f\u0440\u043e\u0432\u043e\u0434\u043d\u044b\u0445 \u0438 \u043e\u0442\u043e\u043f\u0438\u0442\u0435\u043b\u044c\u043d\u044b\u0445 \u0441\u0438\u0441\u0442\u0435\u043c.<br \/>\n\u0421\u043f\u0435\u0446\u0438\u0430\u043b\u044c\u043d\u0430\u044f V\u2013\u043e\u0431\u0440\u0430\u0437\u043d\u0430\u044f \u0444\u043e\u0440\u043c\u0430 \u043b\u0435\u0437\u0432\u0438\u044f \u043e\u0431\u0435\u0441\u043f\u0435\u0447\u0438\u0432\u0430\u0435\u0442 \u0440\u0435\u0437 \u0431\u0435\u0437 \u0434\u0435\u0444\u043e\u0440\u043c\u0430\u0446\u0438\u0438 \u0442\u0440\u0443\u0431\u044b, \u0430 \u0442\u0430\u043a\u0436\u0435 \u0434\u043e\u043f\u0443\u0441\u043a\u0430\u0435\u0442 \u043f\u0440\u0438\u043b\u043e\u0436\u0435\u043d\u0438\u0435 \u0431\u043e\u043b\u044c\u0448\u0438\u0445 \u0443\u0441\u0438\u043b\u0438\u0439 \u043f\u0440\u0438 \u0440\u0435\u0437\u0435. <\/p>\n<p>\u0425\u0440\u0430\u043f\u043e\u0432\u043e\u0439 \u043c\u0435\u0445\u0430\u043d\u0438\u0437\u043c \u043e\u0431\u0435\u0441\u043f\u0435\u0447\u0438\u0432\u0430\u0435\u0442 \u043b\u0435\u0433\u043a\u0438\u0439, \u043f\u0440\u044f\u043c\u043e\u0439 \u0438 \u0442\u043e\u0447\u043d\u044b\u0439 \u0440\u0435\u0437 \u043e\u0434\u043d\u043e\u0439 \u0440\u0443\u043a\u043e\u0439 \u0441 \u043f\u0440\u0438\u043b\u043e\u0436\u0435\u043d\u0438\u0435\u043c \u043c\u0438\u043d\u0438\u043c\u0430\u043b\u044c\u043d\u043e\u0433\u043e \u0443\u0441\u0438\u043b\u0438\u044f.<br \/>\n\u0411\u044b\u0441\u0442\u0440\u044b\u0439 \u0432\u043e\u0437\u0432\u0440\u0430\u0442 \u043b\u0435\u0437\u0432\u0438\u044f \u0432 \u0438\u0441\u0445\u043e\u0434\u043d\u043e\u0435 \u043f\u043e\u043b\u043e\u0436\u0435\u043d\u0438\u0435 \u043e\u0434\u043d\u043e\u0439 \u0440\u0443\u043a\u043e\u0439. <\/p>\n<p>\u041b\u0435\u0433\u043a\u0438\u0439 \u0438 \u043f\u0440\u043e\u0447\u043d\u044b\u0439 \u043a\u043e\u0440\u043f\u0443\u0441 \u0438\u0437\u0433\u043e\u0442\u043e\u0432\u043b\u0435\u043d \u0438\u0437 \u0430\u043b\u044e\u043c\u0438\u043d\u0438\u0435\u0432\u043e\u0433\u043e \u0441\u043f\u043b\u0430\u0432\u0430<br \/>\n\u041b\u0435\u0437\u0432\u0438\u0435 \u0438\u0437\u0433\u043e\u0442\u043e\u0432\u043b\u0435\u043d\u043e \u0438\u0437 \u0432\u044b\u0441\u043e\u043a\u043e\u0443\u0433\u043b\u0435\u0440\u043e\u0434\u0438\u0441\u0442\u043e\u0439 \u0441\u0442\u0430\u043b\u0438 Mn65<\/p>\n","protected":false},"excerpt":{"rendered":"<p>Dispozitiv de t\u0103iat \u021bevi din plastic.<br \/>\n205 mm, max \u220542 mm.<br \/>\nt\u0103iere deosebit de precis\u0103.<br \/>\ntaietura se primeste dreapta, f\u0103r\u0103 deformare.<\/p>\n","protected":false},"featured_media":4846,"template":"","meta":[],"product_brand":[],"product_cat":[467],"product_tag":[],"class_list":{"0":"post-4845","1":"product","2":"type-product","3":"status-publish","4":"has-post-thumbnail","6":"product_cat-foarfece-ppr","8":"first","9":"instock","10":"shipping-taxable","11":"purchasable","12":"product-type-simple"},"yoast_head":"<!-- This site is optimized with the Yoast SEO plugin v27.6 - https:\/\/yoast.com\/product\/yoast-seo-wordpress\/ -->\n<title>Foarfece PPR, Kubis, (42mm), 02-05-5421 - olfilprom.md<\/title>\n<meta name=\"description\" content=\"Dispozitiv de t\u0103iat \u021bevi din plastic. 205 mm, max \u220542 mm. t\u0103iere deosebit de precis\u0103. taietura se primeste dreapta, f\u0103r\u0103 deformare.\" \/>\n<meta name=\"robots\" content=\"index, follow, max-snippet:-1, max-image-preview:large, max-video-preview:-1\" \/>\n<link rel=\"canonical\" href=\"https:\/\/olfilprom.md\/ru\/truby-i-fitingi-ppr\/nojnitsy-trub-ppr\/foarfece-ppr-kubis-42mm-02-05-5421\/\" \/>\n<meta property=\"og:locale\" content=\"ru_RU\" \/>\n<meta property=\"og:type\" content=\"article\" \/>\n<meta property=\"og:title\" content=\"Foarfece PPR, Kubis, (42mm), 02-05-5421 - olfilprom.md\" \/>\n<meta property=\"og:description\" content=\"Dispozitiv de t\u0103iat \u021bevi din plastic. 205 mm, max \u220542 mm. t\u0103iere deosebit de precis\u0103. taietura se primeste dreapta, f\u0103r\u0103 deformare.\" \/>\n<meta property=\"og:url\" content=\"https:\/\/olfilprom.md\/ru\/truby-i-fitingi-ppr\/nojnitsy-trub-ppr\/foarfece-ppr-kubis-42mm-02-05-5421\/\" \/>\n<meta property=\"og:site_name\" content=\"olfilprom.md\" \/>\n<meta property=\"article:publisher\" content=\"https:\/\/www.facebook.com\/olfilprom.md\/\" \/>\n<meta property=\"article:modified_time\" content=\"2025-04-29T12:57:48+00:00\" \/>\n<meta property=\"og:image\" content=\"https:\/\/olfilprom.md\/wp-content\/uploads\/2022\/05\/02-05-5421.jpg\" \/>\n\t<meta property=\"og:image:width\" content=\"500\" \/>\n\t<meta property=\"og:image:height\" content=\"500\" \/>\n\t<meta property=\"og:image:type\" content=\"image\/jpeg\" \/>\n<meta name=\"twitter:card\" content=\"summary_large_image\" \/>\n<script type=\"application\/ld+json\" class=\"yoast-schema-graph\">{\"@context\":\"https:\\\/\\\/schema.org\",\"@graph\":[{\"@type\":\"WebPage\",\"@id\":\"https:\\\/\\\/olfilprom.md\\\/ru\\\/truby-i-fitingi-ppr\\\/nojnitsy-trub-ppr\\\/foarfece-ppr-kubis-42mm-02-05-5421\\\/\",\"url\":\"https:\\\/\\\/olfilprom.md\\\/ru\\\/truby-i-fitingi-ppr\\\/nojnitsy-trub-ppr\\\/foarfece-ppr-kubis-42mm-02-05-5421\\\/\",\"name\":\"Foarfece PPR, Kubis, (42mm), 02-05-5421 - olfilprom.md\",\"isPartOf\":{\"@id\":\"https:\\\/\\\/olfilprom.md\\\/ru\\\/#website\"},\"primaryImageOfPage\":{\"@id\":\"https:\\\/\\\/olfilprom.md\\\/ru\\\/truby-i-fitingi-ppr\\\/nojnitsy-trub-ppr\\\/foarfece-ppr-kubis-42mm-02-05-5421\\\/#primaryimage\"},\"image\":{\"@id\":\"https:\\\/\\\/olfilprom.md\\\/ru\\\/truby-i-fitingi-ppr\\\/nojnitsy-trub-ppr\\\/foarfece-ppr-kubis-42mm-02-05-5421\\\/#primaryimage\"},\"thumbnailUrl\":\"https:\\\/\\\/olfilprom.md\\\/wp-content\\\/uploads\\\/2022\\\/05\\\/02-05-5421.jpg\",\"datePublished\":\"2022-05-13T08:39:21+00:00\",\"dateModified\":\"2025-04-29T12:57:48+00:00\",\"description\":\"Dispozitiv de t\u0103iat \u021bevi din plastic. 205 mm, max \u220542 mm. t\u0103iere deosebit de precis\u0103. taietura se primeste dreapta, f\u0103r\u0103 deformare.\",\"breadcrumb\":{\"@id\":\"https:\\\/\\\/olfilprom.md\\\/ru\\\/truby-i-fitingi-ppr\\\/nojnitsy-trub-ppr\\\/foarfece-ppr-kubis-42mm-02-05-5421\\\/#breadcrumb\"},\"inLanguage\":\"ru-RU\",\"potentialAction\":[{\"@type\":\"ReadAction\",\"target\":[\"https:\\\/\\\/olfilprom.md\\\/ru\\\/truby-i-fitingi-ppr\\\/nojnitsy-trub-ppr\\\/foarfece-ppr-kubis-42mm-02-05-5421\\\/\"]}]},{\"@type\":\"ImageObject\",\"inLanguage\":\"ru-RU\",\"@id\":\"https:\\\/\\\/olfilprom.md\\\/ru\\\/truby-i-fitingi-ppr\\\/nojnitsy-trub-ppr\\\/foarfece-ppr-kubis-42mm-02-05-5421\\\/#primaryimage\",\"url\":\"https:\\\/\\\/olfilprom.md\\\/wp-content\\\/uploads\\\/2022\\\/05\\\/02-05-5421.jpg\",\"contentUrl\":\"https:\\\/\\\/olfilprom.md\\\/wp-content\\\/uploads\\\/2022\\\/05\\\/02-05-5421.jpg\",\"width\":500,\"height\":500,\"caption\":\"Foarfece PPR, Kubis, (42mm), 02-05-5421\"},{\"@type\":\"BreadcrumbList\",\"@id\":\"https:\\\/\\\/olfilprom.md\\\/ru\\\/truby-i-fitingi-ppr\\\/nojnitsy-trub-ppr\\\/foarfece-ppr-kubis-42mm-02-05-5421\\\/#breadcrumb\",\"itemListElement\":[{\"@type\":\"ListItem\",\"position\":1,\"name\":\"\u0413\u043b\u0430\u0432\u043d\u0430\u044f \u0441\u0442\u0440\u0430\u043d\u0438\u0446\u0430\",\"item\":\"https:\\\/\\\/olfilprom.md\\\/ru\\\/\"},{\"@type\":\"ListItem\",\"position\":2,\"name\":\"\u041c\u0430\u0433\u0430\u0437\u0438\u043d\",\"item\":\"https:\\\/\\\/olfilprom.md\\\/ru\\\/magazin\\\/\"},{\"@type\":\"ListItem\",\"position\":3,\"name\":\"Foarfece PPR, Kubis, (42mm), 02-05-5421\"}]},{\"@type\":\"WebSite\",\"@id\":\"https:\\\/\\\/olfilprom.md\\\/ru\\\/#website\",\"url\":\"https:\\\/\\\/olfilprom.md\\\/ru\\\/\",\"name\":\"olfilprom.md\",\"description\":\"Vanzarea angro si cu amanuntul a instrumentelor si a materialelor | olfilprom.md\",\"publisher\":{\"@id\":\"https:\\\/\\\/olfilprom.md\\\/ru\\\/#organization\"},\"potentialAction\":[{\"@type\":\"SearchAction\",\"target\":{\"@type\":\"EntryPoint\",\"urlTemplate\":\"https:\\\/\\\/olfilprom.md\\\/ru\\\/?s={search_term_string}\"},\"query-input\":{\"@type\":\"PropertyValueSpecification\",\"valueRequired\":true,\"valueName\":\"search_term_string\"}}],\"inLanguage\":\"ru-RU\"},{\"@type\":\"Organization\",\"@id\":\"https:\\\/\\\/olfilprom.md\\\/ru\\\/#organization\",\"name\":\"Olfilprom\",\"url\":\"https:\\\/\\\/olfilprom.md\\\/ru\\\/\",\"logo\":{\"@type\":\"ImageObject\",\"inLanguage\":\"ru-RU\",\"@id\":\"https:\\\/\\\/olfilprom.md\\\/ru\\\/#\\\/schema\\\/logo\\\/image\\\/\",\"url\":\"https:\\\/\\\/olfilprom.md\\\/wp-content\\\/uploads\\\/2020\\\/12\\\/olfilprom-logo-250-250.jpg\",\"contentUrl\":\"https:\\\/\\\/olfilprom.md\\\/wp-content\\\/uploads\\\/2020\\\/12\\\/olfilprom-logo-250-250.jpg\",\"width\":250,\"height\":250,\"caption\":\"Olfilprom\"},\"image\":{\"@id\":\"https:\\\/\\\/olfilprom.md\\\/ru\\\/#\\\/schema\\\/logo\\\/image\\\/\"},\"sameAs\":[\"https:\\\/\\\/www.facebook.com\\\/olfilprom.md\\\/\"]}]}<\/script>\n<!-- \/ Yoast SEO plugin. -->","yoast_head_json":{"title":"Foarfece PPR, Kubis, (42mm), 02-05-5421 - olfilprom.md","description":"Dispozitiv de t\u0103iat \u021bevi din plastic. 205 mm, max \u220542 mm. t\u0103iere deosebit de precis\u0103. taietura se primeste dreapta, f\u0103r\u0103 deformare.","robots":{"index":"index","follow":"follow","max-snippet":"max-snippet:-1","max-image-preview":"max-image-preview:large","max-video-preview":"max-video-preview:-1"},"canonical":"https:\/\/olfilprom.md\/ru\/truby-i-fitingi-ppr\/nojnitsy-trub-ppr\/foarfece-ppr-kubis-42mm-02-05-5421\/","og_locale":"ru_RU","og_type":"article","og_title":"Foarfece PPR, Kubis, (42mm), 02-05-5421 - olfilprom.md","og_description":"Dispozitiv de t\u0103iat \u021bevi din plastic. 205 mm, max \u220542 mm. t\u0103iere deosebit de precis\u0103. taietura se primeste dreapta, f\u0103r\u0103 deformare.","og_url":"https:\/\/olfilprom.md\/ru\/truby-i-fitingi-ppr\/nojnitsy-trub-ppr\/foarfece-ppr-kubis-42mm-02-05-5421\/","og_site_name":"olfilprom.md","article_publisher":"https:\/\/www.facebook.com\/olfilprom.md\/","article_modified_time":"2025-04-29T12:57:48+00:00","og_image":[{"width":500,"height":500,"url":"https:\/\/olfilprom.md\/wp-content\/uploads\/2022\/05\/02-05-5421.jpg","type":"image\/jpeg"}],"twitter_card":"summary_large_image","schema":{"@context":"https:\/\/schema.org","@graph":[{"@type":"WebPage","@id":"https:\/\/olfilprom.md\/ru\/truby-i-fitingi-ppr\/nojnitsy-trub-ppr\/foarfece-ppr-kubis-42mm-02-05-5421\/","url":"https:\/\/olfilprom.md\/ru\/truby-i-fitingi-ppr\/nojnitsy-trub-ppr\/foarfece-ppr-kubis-42mm-02-05-5421\/","name":"Foarfece PPR, Kubis, (42mm), 02-05-5421 - olfilprom.md","isPartOf":{"@id":"https:\/\/olfilprom.md\/ru\/#website"},"primaryImageOfPage":{"@id":"https:\/\/olfilprom.md\/ru\/truby-i-fitingi-ppr\/nojnitsy-trub-ppr\/foarfece-ppr-kubis-42mm-02-05-5421\/#primaryimage"},"image":{"@id":"https:\/\/olfilprom.md\/ru\/truby-i-fitingi-ppr\/nojnitsy-trub-ppr\/foarfece-ppr-kubis-42mm-02-05-5421\/#primaryimage"},"thumbnailUrl":"https:\/\/olfilprom.md\/wp-content\/uploads\/2022\/05\/02-05-5421.jpg","datePublished":"2022-05-13T08:39:21+00:00","dateModified":"2025-04-29T12:57:48+00:00","description":"Dispozitiv de t\u0103iat \u021bevi din plastic. 205 mm, max \u220542 mm. t\u0103iere deosebit de precis\u0103. taietura se primeste dreapta, f\u0103r\u0103 deformare.","breadcrumb":{"@id":"https:\/\/olfilprom.md\/ru\/truby-i-fitingi-ppr\/nojnitsy-trub-ppr\/foarfece-ppr-kubis-42mm-02-05-5421\/#breadcrumb"},"inLanguage":"ru-RU","potentialAction":[{"@type":"ReadAction","target":["https:\/\/olfilprom.md\/ru\/truby-i-fitingi-ppr\/nojnitsy-trub-ppr\/foarfece-ppr-kubis-42mm-02-05-5421\/"]}]},{"@type":"ImageObject","inLanguage":"ru-RU","@id":"https:\/\/olfilprom.md\/ru\/truby-i-fitingi-ppr\/nojnitsy-trub-ppr\/foarfece-ppr-kubis-42mm-02-05-5421\/#primaryimage","url":"https:\/\/olfilprom.md\/wp-content\/uploads\/2022\/05\/02-05-5421.jpg","contentUrl":"https:\/\/olfilprom.md\/wp-content\/uploads\/2022\/05\/02-05-5421.jpg","width":500,"height":500,"caption":"Foarfece PPR, Kubis, (42mm), 02-05-5421"},{"@type":"BreadcrumbList","@id":"https:\/\/olfilprom.md\/ru\/truby-i-fitingi-ppr\/nojnitsy-trub-ppr\/foarfece-ppr-kubis-42mm-02-05-5421\/#breadcrumb","itemListElement":[{"@type":"ListItem","position":1,"name":"\u0413\u043b\u0430\u0432\u043d\u0430\u044f \u0441\u0442\u0440\u0430\u043d\u0438\u0446\u0430","item":"https:\/\/olfilprom.md\/ru\/"},{"@type":"ListItem","position":2,"name":"\u041c\u0430\u0433\u0430\u0437\u0438\u043d","item":"https:\/\/olfilprom.md\/ru\/magazin\/"},{"@type":"ListItem","position":3,"name":"Foarfece PPR, Kubis, (42mm), 02-05-5421"}]},{"@type":"WebSite","@id":"https:\/\/olfilprom.md\/ru\/#website","url":"https:\/\/olfilprom.md\/ru\/","name":"olfilprom.md","description":"Vanzarea angro si cu amanuntul a instrumentelor si a materialelor | olfilprom.md","publisher":{"@id":"https:\/\/olfilprom.md\/ru\/#organization"},"potentialAction":[{"@type":"SearchAction","target":{"@type":"EntryPoint","urlTemplate":"https:\/\/olfilprom.md\/ru\/?s={search_term_string}"},"query-input":{"@type":"PropertyValueSpecification","valueRequired":true,"valueName":"search_term_string"}}],"inLanguage":"ru-RU"},{"@type":"Organization","@id":"https:\/\/olfilprom.md\/ru\/#organization","name":"Olfilprom","url":"https:\/\/olfilprom.md\/ru\/","logo":{"@type":"ImageObject","inLanguage":"ru-RU","@id":"https:\/\/olfilprom.md\/ru\/#\/schema\/logo\/image\/","url":"https:\/\/olfilprom.md\/wp-content\/uploads\/2020\/12\/olfilprom-logo-250-250.jpg","contentUrl":"https:\/\/olfilprom.md\/wp-content\/uploads\/2020\/12\/olfilprom-logo-250-250.jpg","width":250,"height":250,"caption":"Olfilprom"},"image":{"@id":"https:\/\/olfilprom.md\/ru\/#\/schema\/logo\/image\/"},"sameAs":["https:\/\/www.facebook.com\/olfilprom.md\/"]}]}},"_links":{"self":[{"href":"https:\/\/olfilprom.md\/ru\/wp-json\/wp\/v2\/product\/4845","targetHints":{"allow":["GET"]}}],"collection":[{"href":"https:\/\/olfilprom.md\/ru\/wp-json\/wp\/v2\/product"}],"about":[{"href":"https:\/\/olfilprom.md\/ru\/wp-json\/wp\/v2\/types\/product"}],"wp:featuredmedia":[{"embeddable":true,"href":"https:\/\/olfilprom.md\/ru\/wp-json\/wp\/v2\/media\/4846"}],"wp:attachment":[{"href":"https:\/\/olfilprom.md\/ru\/wp-json\/wp\/v2\/media?parent=4845"}],"wp:term":[{"taxonomy":"product_brand","embeddable":true,"href":"https:\/\/olfilprom.md\/ru\/wp-json\/wp\/v2\/product_brand?post=4845"},{"taxonomy":"product_cat","embeddable":true,"href":"https:\/\/olfilprom.md\/ru\/wp-json\/wp\/v2\/product_cat?post=4845"},{"taxonomy":"product_tag","embeddable":true,"href":"https:\/\/olfilprom.md\/ru\/wp-json\/wp\/v2\/product_tag?post=4845"}],"curies":[{"name":"wp","href":"https:\/\/api.w.org\/{rel}","templated":true}]}}