{"id":4732,"date":"2022-02-24T12:53:27","date_gmt":"2022-02-24T10:53:27","guid":{"rendered":"https:\/\/olfilprom.md\/?post_type=product&#038;p=4732"},"modified":"2022-02-25T20:25:50","modified_gmt":"2022-02-25T18:25:50","slug":"manusi-din-piele-spalt-kraga-standard-alb-albastru-10-313591","status":"publish","type":"product","link":"https:\/\/olfilprom.md\/ru\/maliarnye-instrumenty\/zaschitnye-aksessuary\/manusi-din-piele-spalt-kraga-standard-alb-albastru-10-313591\/","title":{"rendered":"Manusi din piele spalt &#8220;Kraga-Standard&#8221; alb-albastru 10&#8243;, 313591"},"content":{"rendered":"<p>M\u0103nu\u0219ile din piele combinat\u0103 sunt cea mai bun\u0103 metod\u0103 de a v\u0103 proteja m\u00e2inile de diferite r\u0103niri \u00een timp ce lucra\u021bi cu materiale grosiere, unelte \u0219i lucra\u021bi \u00eentr-un depozit.<br \/>\nEle asigur\u0103 un schimb bun de aer, care previne transpira\u021bia m\u00e2inilor.<\/p>\n<p>Datorit\u0103 suprafe\u021bei palmare de \u00eenalt\u0103 rezisten\u021b\u0103 din piele natural\u0103, m\u0103nu\u0219ile vor dura mult timp.<br \/>\nFolosit pe scar\u0103 larg\u0103 \u00een industriile profesionale. <\/p>\n","protected":false},"excerpt":{"rendered":"<p>45% piel \/ 55% \u021bes\u0103tur\u0103.<\/p>\n","protected":false},"featured_media":4722,"template":"","meta":[],"product_brand":[],"product_cat":[85],"product_tag":[],"class_list":{"0":"post-4732","1":"product","2":"type-product","3":"status-publish","4":"has-post-thumbnail","6":"product_cat-accesorii-de-protectie","8":"first","9":"instock","10":"shipping-taxable","11":"purchasable","12":"product-type-simple"},"yoast_head":"<!-- This site is optimized with the Yoast SEO plugin v27.4 - https:\/\/yoast.com\/product\/yoast-seo-wordpress\/ -->\n<title>Manusi din piele spalt &quot;Kraga-Standard&quot; alb-albastru 10&quot;, 313591 - olfilprom.md<\/title>\n<meta name=\"description\" content=\"45% piel \/ 55% \u021bes\u0103tur\u0103.\" \/>\n<meta name=\"robots\" content=\"index, follow, max-snippet:-1, max-image-preview:large, max-video-preview:-1\" \/>\n<link rel=\"canonical\" href=\"https:\/\/olfilprom.md\/ru\/maliarnye-instrumenty\/zaschitnye-aksessuary\/manusi-din-piele-spalt-kraga-standard-alb-albastru-10-313591\/\" \/>\n<meta property=\"og:locale\" content=\"ru_RU\" \/>\n<meta property=\"og:type\" content=\"article\" \/>\n<meta property=\"og:title\" content=\"Manusi din piele spalt &quot;Kraga-Standard&quot; alb-albastru 10&quot;, 313591 - olfilprom.md\" \/>\n<meta property=\"og:description\" content=\"45% piel \/ 55% \u021bes\u0103tur\u0103.\" \/>\n<meta property=\"og:url\" content=\"https:\/\/olfilprom.md\/ru\/maliarnye-instrumenty\/zaschitnye-aksessuary\/manusi-din-piele-spalt-kraga-standard-alb-albastru-10-313591\/\" \/>\n<meta property=\"og:site_name\" content=\"olfilprom.md\" \/>\n<meta property=\"article:publisher\" content=\"https:\/\/www.facebook.com\/olfilprom.md\/\" \/>\n<meta property=\"article:modified_time\" content=\"2022-02-25T18:25:50+00:00\" \/>\n<meta property=\"og:image\" content=\"https:\/\/olfilprom.md\/wp-content\/uploads\/2022\/02\/313591-2.jpg\" \/>\n\t<meta property=\"og:image:width\" content=\"300\" \/>\n\t<meta property=\"og:image:height\" content=\"300\" \/>\n\t<meta property=\"og:image:type\" content=\"image\/jpeg\" \/>\n<meta name=\"twitter:card\" content=\"summary_large_image\" \/>\n<script type=\"application\/ld+json\" class=\"yoast-schema-graph\">{\"@context\":\"https:\\\/\\\/schema.org\",\"@graph\":[{\"@type\":\"WebPage\",\"@id\":\"https:\\\/\\\/olfilprom.md\\\/ru\\\/maliarnye-instrumenty\\\/zaschitnye-aksessuary\\\/manusi-din-piele-spalt-kraga-standard-alb-albastru-10-313591\\\/\",\"url\":\"https:\\\/\\\/olfilprom.md\\\/ru\\\/maliarnye-instrumenty\\\/zaschitnye-aksessuary\\\/manusi-din-piele-spalt-kraga-standard-alb-albastru-10-313591\\\/\",\"name\":\"Manusi din piele spalt \\\"Kraga-Standard\\\" alb-albastru 10\\\", 313591 - olfilprom.md\",\"isPartOf\":{\"@id\":\"https:\\\/\\\/olfilprom.md\\\/ru\\\/#website\"},\"primaryImageOfPage\":{\"@id\":\"https:\\\/\\\/olfilprom.md\\\/ru\\\/maliarnye-instrumenty\\\/zaschitnye-aksessuary\\\/manusi-din-piele-spalt-kraga-standard-alb-albastru-10-313591\\\/#primaryimage\"},\"image\":{\"@id\":\"https:\\\/\\\/olfilprom.md\\\/ru\\\/maliarnye-instrumenty\\\/zaschitnye-aksessuary\\\/manusi-din-piele-spalt-kraga-standard-alb-albastru-10-313591\\\/#primaryimage\"},\"thumbnailUrl\":\"https:\\\/\\\/olfilprom.md\\\/wp-content\\\/uploads\\\/2022\\\/02\\\/313591-2.jpg\",\"datePublished\":\"2022-02-24T10:53:27+00:00\",\"dateModified\":\"2022-02-25T18:25:50+00:00\",\"description\":\"45% piel \\\/ 55% \u021bes\u0103tur\u0103.\",\"breadcrumb\":{\"@id\":\"https:\\\/\\\/olfilprom.md\\\/ru\\\/maliarnye-instrumenty\\\/zaschitnye-aksessuary\\\/manusi-din-piele-spalt-kraga-standard-alb-albastru-10-313591\\\/#breadcrumb\"},\"inLanguage\":\"ru-RU\",\"potentialAction\":[{\"@type\":\"ReadAction\",\"target\":[\"https:\\\/\\\/olfilprom.md\\\/ru\\\/maliarnye-instrumenty\\\/zaschitnye-aksessuary\\\/manusi-din-piele-spalt-kraga-standard-alb-albastru-10-313591\\\/\"]}]},{\"@type\":\"ImageObject\",\"inLanguage\":\"ru-RU\",\"@id\":\"https:\\\/\\\/olfilprom.md\\\/ru\\\/maliarnye-instrumenty\\\/zaschitnye-aksessuary\\\/manusi-din-piele-spalt-kraga-standard-alb-albastru-10-313591\\\/#primaryimage\",\"url\":\"https:\\\/\\\/olfilprom.md\\\/wp-content\\\/uploads\\\/2022\\\/02\\\/313591-2.jpg\",\"contentUrl\":\"https:\\\/\\\/olfilprom.md\\\/wp-content\\\/uploads\\\/2022\\\/02\\\/313591-2.jpg\",\"width\":300,\"height\":300,\"caption\":\"Manusi din piele spalt &#8220;Kraga-Standard&#8221; alb-albastru 10&#8243;, 313591\"},{\"@type\":\"BreadcrumbList\",\"@id\":\"https:\\\/\\\/olfilprom.md\\\/ru\\\/maliarnye-instrumenty\\\/zaschitnye-aksessuary\\\/manusi-din-piele-spalt-kraga-standard-alb-albastru-10-313591\\\/#breadcrumb\",\"itemListElement\":[{\"@type\":\"ListItem\",\"position\":1,\"name\":\"\u0413\u043b\u0430\u0432\u043d\u0430\u044f \u0441\u0442\u0440\u0430\u043d\u0438\u0446\u0430\",\"item\":\"https:\\\/\\\/olfilprom.md\\\/ru\\\/\"},{\"@type\":\"ListItem\",\"position\":2,\"name\":\"\u041c\u0430\u0433\u0430\u0437\u0438\u043d\",\"item\":\"https:\\\/\\\/olfilprom.md\\\/ru\\\/magazin\\\/\"},{\"@type\":\"ListItem\",\"position\":3,\"name\":\"Manusi din piele spalt &#171;Kraga-Standard&#187; alb-albastru 10&#8243;, 313591\"}]},{\"@type\":\"WebSite\",\"@id\":\"https:\\\/\\\/olfilprom.md\\\/ru\\\/#website\",\"url\":\"https:\\\/\\\/olfilprom.md\\\/ru\\\/\",\"name\":\"olfilprom.md\",\"description\":\"Vanzarea angro si cu amanuntul a instrumentelor si a materialelor | olfilprom.md\",\"publisher\":{\"@id\":\"https:\\\/\\\/olfilprom.md\\\/ru\\\/#organization\"},\"potentialAction\":[{\"@type\":\"SearchAction\",\"target\":{\"@type\":\"EntryPoint\",\"urlTemplate\":\"https:\\\/\\\/olfilprom.md\\\/ru\\\/?s={search_term_string}\"},\"query-input\":{\"@type\":\"PropertyValueSpecification\",\"valueRequired\":true,\"valueName\":\"search_term_string\"}}],\"inLanguage\":\"ru-RU\"},{\"@type\":\"Organization\",\"@id\":\"https:\\\/\\\/olfilprom.md\\\/ru\\\/#organization\",\"name\":\"Olfilprom\",\"url\":\"https:\\\/\\\/olfilprom.md\\\/ru\\\/\",\"logo\":{\"@type\":\"ImageObject\",\"inLanguage\":\"ru-RU\",\"@id\":\"https:\\\/\\\/olfilprom.md\\\/ru\\\/#\\\/schema\\\/logo\\\/image\\\/\",\"url\":\"https:\\\/\\\/olfilprom.md\\\/wp-content\\\/uploads\\\/2020\\\/12\\\/olfilprom-logo-250-250.jpg\",\"contentUrl\":\"https:\\\/\\\/olfilprom.md\\\/wp-content\\\/uploads\\\/2020\\\/12\\\/olfilprom-logo-250-250.jpg\",\"width\":250,\"height\":250,\"caption\":\"Olfilprom\"},\"image\":{\"@id\":\"https:\\\/\\\/olfilprom.md\\\/ru\\\/#\\\/schema\\\/logo\\\/image\\\/\"},\"sameAs\":[\"https:\\\/\\\/www.facebook.com\\\/olfilprom.md\\\/\"]}]}<\/script>\n<!-- \/ Yoast SEO plugin. -->","yoast_head_json":{"title":"Manusi din piele spalt \"Kraga-Standard\" alb-albastru 10\", 313591 - olfilprom.md","description":"45% piel \/ 55% \u021bes\u0103tur\u0103.","robots":{"index":"index","follow":"follow","max-snippet":"max-snippet:-1","max-image-preview":"max-image-preview:large","max-video-preview":"max-video-preview:-1"},"canonical":"https:\/\/olfilprom.md\/ru\/maliarnye-instrumenty\/zaschitnye-aksessuary\/manusi-din-piele-spalt-kraga-standard-alb-albastru-10-313591\/","og_locale":"ru_RU","og_type":"article","og_title":"Manusi din piele spalt \"Kraga-Standard\" alb-albastru 10\", 313591 - olfilprom.md","og_description":"45% piel \/ 55% \u021bes\u0103tur\u0103.","og_url":"https:\/\/olfilprom.md\/ru\/maliarnye-instrumenty\/zaschitnye-aksessuary\/manusi-din-piele-spalt-kraga-standard-alb-albastru-10-313591\/","og_site_name":"olfilprom.md","article_publisher":"https:\/\/www.facebook.com\/olfilprom.md\/","article_modified_time":"2022-02-25T18:25:50+00:00","og_image":[{"width":300,"height":300,"url":"https:\/\/olfilprom.md\/wp-content\/uploads\/2022\/02\/313591-2.jpg","type":"image\/jpeg"}],"twitter_card":"summary_large_image","schema":{"@context":"https:\/\/schema.org","@graph":[{"@type":"WebPage","@id":"https:\/\/olfilprom.md\/ru\/maliarnye-instrumenty\/zaschitnye-aksessuary\/manusi-din-piele-spalt-kraga-standard-alb-albastru-10-313591\/","url":"https:\/\/olfilprom.md\/ru\/maliarnye-instrumenty\/zaschitnye-aksessuary\/manusi-din-piele-spalt-kraga-standard-alb-albastru-10-313591\/","name":"Manusi din piele spalt \"Kraga-Standard\" alb-albastru 10\", 313591 - olfilprom.md","isPartOf":{"@id":"https:\/\/olfilprom.md\/ru\/#website"},"primaryImageOfPage":{"@id":"https:\/\/olfilprom.md\/ru\/maliarnye-instrumenty\/zaschitnye-aksessuary\/manusi-din-piele-spalt-kraga-standard-alb-albastru-10-313591\/#primaryimage"},"image":{"@id":"https:\/\/olfilprom.md\/ru\/maliarnye-instrumenty\/zaschitnye-aksessuary\/manusi-din-piele-spalt-kraga-standard-alb-albastru-10-313591\/#primaryimage"},"thumbnailUrl":"https:\/\/olfilprom.md\/wp-content\/uploads\/2022\/02\/313591-2.jpg","datePublished":"2022-02-24T10:53:27+00:00","dateModified":"2022-02-25T18:25:50+00:00","description":"45% piel \/ 55% \u021bes\u0103tur\u0103.","breadcrumb":{"@id":"https:\/\/olfilprom.md\/ru\/maliarnye-instrumenty\/zaschitnye-aksessuary\/manusi-din-piele-spalt-kraga-standard-alb-albastru-10-313591\/#breadcrumb"},"inLanguage":"ru-RU","potentialAction":[{"@type":"ReadAction","target":["https:\/\/olfilprom.md\/ru\/maliarnye-instrumenty\/zaschitnye-aksessuary\/manusi-din-piele-spalt-kraga-standard-alb-albastru-10-313591\/"]}]},{"@type":"ImageObject","inLanguage":"ru-RU","@id":"https:\/\/olfilprom.md\/ru\/maliarnye-instrumenty\/zaschitnye-aksessuary\/manusi-din-piele-spalt-kraga-standard-alb-albastru-10-313591\/#primaryimage","url":"https:\/\/olfilprom.md\/wp-content\/uploads\/2022\/02\/313591-2.jpg","contentUrl":"https:\/\/olfilprom.md\/wp-content\/uploads\/2022\/02\/313591-2.jpg","width":300,"height":300,"caption":"Manusi din piele spalt &#8220;Kraga-Standard&#8221; alb-albastru 10&#8243;, 313591"},{"@type":"BreadcrumbList","@id":"https:\/\/olfilprom.md\/ru\/maliarnye-instrumenty\/zaschitnye-aksessuary\/manusi-din-piele-spalt-kraga-standard-alb-albastru-10-313591\/#breadcrumb","itemListElement":[{"@type":"ListItem","position":1,"name":"\u0413\u043b\u0430\u0432\u043d\u0430\u044f \u0441\u0442\u0440\u0430\u043d\u0438\u0446\u0430","item":"https:\/\/olfilprom.md\/ru\/"},{"@type":"ListItem","position":2,"name":"\u041c\u0430\u0433\u0430\u0437\u0438\u043d","item":"https:\/\/olfilprom.md\/ru\/magazin\/"},{"@type":"ListItem","position":3,"name":"Manusi din piele spalt &#171;Kraga-Standard&#187; alb-albastru 10&#8243;, 313591"}]},{"@type":"WebSite","@id":"https:\/\/olfilprom.md\/ru\/#website","url":"https:\/\/olfilprom.md\/ru\/","name":"olfilprom.md","description":"Vanzarea angro si cu amanuntul a instrumentelor si a materialelor | olfilprom.md","publisher":{"@id":"https:\/\/olfilprom.md\/ru\/#organization"},"potentialAction":[{"@type":"SearchAction","target":{"@type":"EntryPoint","urlTemplate":"https:\/\/olfilprom.md\/ru\/?s={search_term_string}"},"query-input":{"@type":"PropertyValueSpecification","valueRequired":true,"valueName":"search_term_string"}}],"inLanguage":"ru-RU"},{"@type":"Organization","@id":"https:\/\/olfilprom.md\/ru\/#organization","name":"Olfilprom","url":"https:\/\/olfilprom.md\/ru\/","logo":{"@type":"ImageObject","inLanguage":"ru-RU","@id":"https:\/\/olfilprom.md\/ru\/#\/schema\/logo\/image\/","url":"https:\/\/olfilprom.md\/wp-content\/uploads\/2020\/12\/olfilprom-logo-250-250.jpg","contentUrl":"https:\/\/olfilprom.md\/wp-content\/uploads\/2020\/12\/olfilprom-logo-250-250.jpg","width":250,"height":250,"caption":"Olfilprom"},"image":{"@id":"https:\/\/olfilprom.md\/ru\/#\/schema\/logo\/image\/"},"sameAs":["https:\/\/www.facebook.com\/olfilprom.md\/"]}]}},"_links":{"self":[{"href":"https:\/\/olfilprom.md\/ru\/wp-json\/wp\/v2\/product\/4732","targetHints":{"allow":["GET"]}}],"collection":[{"href":"https:\/\/olfilprom.md\/ru\/wp-json\/wp\/v2\/product"}],"about":[{"href":"https:\/\/olfilprom.md\/ru\/wp-json\/wp\/v2\/types\/product"}],"wp:featuredmedia":[{"embeddable":true,"href":"https:\/\/olfilprom.md\/ru\/wp-json\/wp\/v2\/media\/4722"}],"wp:attachment":[{"href":"https:\/\/olfilprom.md\/ru\/wp-json\/wp\/v2\/media?parent=4732"}],"wp:term":[{"taxonomy":"product_brand","embeddable":true,"href":"https:\/\/olfilprom.md\/ru\/wp-json\/wp\/v2\/product_brand?post=4732"},{"taxonomy":"product_cat","embeddable":true,"href":"https:\/\/olfilprom.md\/ru\/wp-json\/wp\/v2\/product_cat?post=4732"},{"taxonomy":"product_tag","embeddable":true,"href":"https:\/\/olfilprom.md\/ru\/wp-json\/wp\/v2\/product_tag?post=4732"}],"curies":[{"name":"wp","href":"https:\/\/api.w.org\/{rel}","templated":true}]}}